{"id":9,"date":"2025-08-18T18:20:45","date_gmt":"2025-08-18T18:20:45","guid":{"rendered":"https:\/\/conex-5.hipdev.pro\/?page_id=9"},"modified":"2025-10-21T17:03:21","modified_gmt":"2025-10-21T17:03:21","slug":"home","status":"publish","type":"page","link":"https:\/\/conex-5.hipdev.pro\/fr\/","title":{"rendered":"Accueil"},"content":{"rendered":"<section class=\"home-hero-section\" style=\"background-image: url();\">\r\n    <div class=\"video-container\"><video width=\"320\" height=\"240\" muted autoplay loop playsinline><source src=\"https:\/\/conex-5.hipdev.pro\/wp-content\/uploads\/2025\/09\/wearinintro.mp4\" type=\"video\/mp4\">Votre navigateur ne prend pas en charge la balise vid\u00e9o.<\/video><\/div>    <div class=\"container\">\r\n        <div class=\"row align-items-end full-height\">\r\n            <div class=\"col-12\">\r\n                <div class=\"section-title\"><h6>FR NO PROFESSIONAL FACES DANGER ALONE<\/h6><h1>TOUS <blue>D\u00c9CISION<\/blue> EST INFORM\u00c9.<br>TOUS <blue>R\u00c9PONSE<\/blue> EST COORDONN\u00c9E.<\/h1><p>Notre plateforme aliment\u00e9e par l'IA int\u00e8gre des capteurs portables avanc\u00e9s et configurables pour fournir des informations environnementales, situationnelles et physiologiques instantan\u00e9es - permettant aux \u00e9quipes de tous les secteurs de prendre des d\u00e9cisions plus rapides et plus intelligentes, adapt\u00e9es \u00e0 leurs d\u00e9fis uniques.<\/p><a class=\"c-btn light-btn\" href=\"#\" target=\"_self\">Demander une d\u00e9monstration<\/a><a class=\"c-btn dark-btn\" href=\"#\" target=\"_self\">D\u00e9couvrez comment cela fonctionne<\/a><\/div>            <\/div>\r\n        <\/div>\r\n    <\/div>\r\n<\/section>\n\n<section class=\"industry-section\" id=\"\">\r\n    <div class=\"container\">\r\n        <div class=\"row\">\r\n            <div class=\"col-12\">\r\n                <div class=\"section-title\">\r\n                    <h2>SUR MESURE POUR VOTRE SECTEUR D'ACTIVIT\u00c9.<\/h2>                <\/div>\r\n            <\/div>\r\n        <\/div>\r\n        <div class=\"row\">\r\n            <div class=\"col-12\">\r\n                <div class=\"industries-block\">\r\n                    <div class=\"box\"><a href=\"#\" target=\"_self\">Application de la loi confirm\u00e9e<\/a><\/div><div class=\"box\"><a href=\"#\" target=\"_self\">Confirmation des premiers intervenants<\/a><\/div><div class=\"box\"><a href=\"#\" target=\"_self\">Confirmation d'un pompier<\/a><\/div><div class=\"box\"><a href=\"#\" target=\"_self\">Confirmation de l'existence de l'encaisse et des valeurs en transit<\/a><\/div><div class=\"box\"><a href=\"#\" target=\"_self\">S\u00e9curit\u00e9 priv\u00e9e<\/a><\/div><div class=\"box\"><a href=\"#\" target=\"_self\">Exploitation mini\u00e8re<\/a><\/div><div class=\"box\"><a href=\"#\" target=\"_self\">Chemins de fer<\/a><\/div><div class=\"box\"><a href=\"#\" target=\"_self\">Logistique<\/a><\/div><div class=\"box\"><a href=\"#\" target=\"_self\">La construction<\/a><\/div><div class=\"box\"><a href=\"#\" target=\"_self\">S\u00e9curit\u00e9 des travailleurs<\/a><\/div>                <\/div>\r\n            <\/div>\r\n        <\/div>\r\n    <\/div>\r\n<\/section>\n\n<section class=\"video-section\" id=\"\">\r\n    <div class=\"container\">\r\n        <div class=\"row justify-content-center\">\r\n            <div class=\"col-lg-10\">\r\n                <div class=\"section-title\"><h2>Titre facultatif de la vid\u00e9o<\/h2><p>Texte vid\u00e9o optionnel<\/p>\n<\/div>            <\/div>\r\n        <\/div>\r\n        <div class=\"row justify-content-center\">\r\n            <div class=\"col-lg-10\">\r\n                <div class=\"video-block\"><div class=\"video-holder\"><iframe loading=\"lazy\" title=\"Wearin&#039; - \u00c0 propos de nous\" width=\"640\" height=\"360\" src=\"https:\/\/www.youtube.com\/embed\/MkX2m8FcfMo?feature=oembed\" frameborder=\"0\" allow=\"accelerometer; autoplay; clipboard-write; encrypted-media; gyroscope; picture-in-picture; web-share\" referrerpolicy=\"strict-origin-when-cross-origin\" allowfullscreen><\/iframe><\/div><\/div>            <\/div>\r\n        <\/div>\r\n    <\/div>\r\n<\/section>\n\n<section class=\"feat-slider-section\" id=\"\">\r\n    <div class=\"container\">\r\n        <div class=\"row justify-content-center\">\r\n            <div class=\"col-lg-10\">\r\n                <div class=\"section-title\">\r\n                    <h2>RESPONSABILISER CEUX QUI NOUS PROT\u00c8GENT<\/h2><a class=\"c-btn light-btn\" href=\"#\" target=\"_self\">D\u00e9couvrez nos solutions<\/a>                <\/div>\r\n            <\/div>\r\n        <\/div>\r\n        <div class=\"row align-items-center\">\r\n            <div class=\"col-lg-5\">\r\n                <ul class=\"nav custom-tabs\" id=\"featsTab\" role=\"tablist\"><li class=\"nav-item\" role=\"presentation\"><button class=\"nav-link active\" id=\"featsy-tab1\" data-bs-toggle=\"tab\" data-bs-target=\"#featsy1\" type=\"button\" role=\"tab\" aria-controls=\"featsy1\" aria-selected=\"true\"><span class=\"head\" style=\"background-image:url(https:\/\/conex-5.hipdev.pro\/wp-content\/uploads\/2025\/08\/icon01.svg);\"><h5>Une connaissance limit\u00e9e de la situation peut entra\u00eener des retards de r\u00e9action<\/h5><\/span><p>Dans un environnement o\u00f9 les enjeux sont importants, il est crucial de disposer d'informations en temps r\u00e9el. Une connaissance optimale de la situation permet aux \u00e9quipes de r\u00e9agir rapidement, de saisir les opportunit\u00e9s et de minimiser les risques.<\/p><\/button><\/li><li class=\"nav-item\" role=\"presentation\"><button class=\"nav-link\" id=\"featsy-tab2\" data-bs-toggle=\"tab\" data-bs-target=\"#featsy2\" type=\"button\" role=\"tab\" aria-controls=\"featsy2\" aria-selected=\"false\"><span class=\"head\" style=\"background-image:url(https:\/\/conex-5.hipdev.pro\/wp-content\/uploads\/2025\/08\/icon02.svg);\"><h5>Manque de communication entre les \u00e9quipes et les d\u00e9cideurs<\/h5><\/span><p>Une communication sans faille est essentielle pour les professionnels qui travaillent dans des environnements \u00e0 haut risque. Des syst\u00e8mes fragment\u00e9s peuvent entra\u00eener des retards dans les r\u00e9ponses, des malentendus et des occasions manqu\u00e9es, mettant ainsi en p\u00e9ril la s\u00e9curit\u00e9 et l'efficacit\u00e9 op\u00e9rationnelle.<\/p><\/button><\/li><li class=\"nav-item\" role=\"presentation\"><button class=\"nav-link\" id=\"featsy-tab3\" data-bs-toggle=\"tab\" data-bs-target=\"#featsy3\" type=\"button\" role=\"tab\" aria-controls=\"featsy3\" aria-selected=\"false\"><span class=\"head\" style=\"background-image:url(https:\/\/conex-5.hipdev.pro\/wp-content\/uploads\/2025\/08\/icon03.svg);\"><h5>Les environnements \u00e0 haut risque exigent une surveillance de la s\u00e9curit\u00e9 en temps r\u00e9el<\/h5><\/span><p>Les risques peuvent s'aggraver en quelques secondes. La surveillance continue en temps r\u00e9el permet aux organisations de d\u00e9tecter les menaces d\u00e8s qu'elles apparaissent, d'\u00e9mettre des alertes imm\u00e9diates et de prendre des mesures rapides pour prot\u00e9ger chaque membre de l'\u00e9quipe.<\/p><\/button><\/li><li class=\"nav-item\" role=\"presentation\"><button class=\"nav-link\" id=\"featsy-tab4\" data-bs-toggle=\"tab\" data-bs-target=\"#featsy4\" type=\"button\" role=\"tab\" aria-controls=\"featsy4\" aria-selected=\"false\"><span class=\"head\" style=\"background-image:url(https:\/\/conex-5.hipdev.pro\/wp-content\/uploads\/2025\/08\/icon04.svg);\"><h5>Des op\u00e9rations inefficaces entra\u00eenent des risques accrus<\/h5><\/span><p>Des flux de travail d\u00e9connect\u00e9s, des processus manuels et un acc\u00e8s tardif aux informations critiques peuvent entra\u00eener des temps de r\u00e9ponse plus lents, une mauvaise affectation des ressources et des erreurs co\u00fbteuses.<\/p><\/button><\/li><\/ul>            <\/div>\r\n            <div class=\"col-lg-7\">\r\n                <div class=\"tab-content\" id=\"featsTabContent\"><div class=\"tab-pane fade show active\" id=\"featsy1\" role=\"tabpanel\" aria-labelledby=\"featsy-tab1\"><div class=\"image\" style=\"background-image:url(https:\/\/conex-5.hipdev.pro\/wp-content\/uploads\/2025\/09\/image01.gif);\"><\/div><\/div><div class=\"tab-pane fade\" id=\"featsy2\" role=\"tabpanel\" aria-labelledby=\"featsy-tab2\"><div class=\"image\" style=\"background-image:url(https:\/\/conex-5.hipdev.pro\/wp-content\/uploads\/2025\/09\/image02.webp);\"><\/div><\/div><div class=\"tab-pane fade\" id=\"featsy3\" role=\"tabpanel\" aria-labelledby=\"featsy-tab3\"><div class=\"image\" style=\"background-image:url(https:\/\/conex-5.hipdev.pro\/wp-content\/uploads\/2025\/09\/image03.webp);\"><\/div><\/div><div class=\"tab-pane fade\" id=\"featsy4\" role=\"tabpanel\" aria-labelledby=\"featsy-tab4\"><div class=\"image\" style=\"background-image:url();\"><\/div><\/div><\/div>            <\/div>\r\n        <\/div>\r\n    <\/div>\r\n<\/section>\n\n<section class=\"feats-section\" id=\"\">\r\n    <div class=\"container\">\r\n        <div class=\"row\">\r\n            <div class=\"col-12\">\r\n                <div class=\"section-title\">\r\n                    <h2>CONNECTED. <blue>PROT\u00c9G\u00c9.<\/blue> OPTIMIS\u00c9<\/h2>                <\/div>\r\n            <\/div>\r\n        <\/div>\r\n        <div class=\"row\">\r\n            <div class=\"col-lg-6 spacer\"><div class=\"box\"><div class=\"image\" style=\"background-image:url(https:\/\/conex-5.hipdev.pro\/wp-content\/uploads\/2025\/09\/image4.webp);\"><\/div><h4>S\u00e9curit\u00e9 renforc\u00e9e<\/h4><p>Wearin' int\u00e8gre de mani\u00e8re transparente les donn\u00e9es situationnelles, environnementales et physiologiques du personnel sur le terrain dans un \u00e9cosyst\u00e8me unifi\u00e9, fournissant au personnel de commandement des informations exploitables en temps r\u00e9el.<\/p>\n<\/div><\/div><div class=\"col-lg-6 spacer\"><div class=\"box\"><div class=\"image\" style=\"background-image:url(https:\/\/conex-5.hipdev.pro\/wp-content\/uploads\/2025\/08\/image05.webp);\"><\/div><h4>Connectivit\u00e9 rationalis\u00e9e de l'\u00e9quipe<\/h4><p>La plateforme Wearin' permet une coordination transparente entre les \u00e9quipes de terrain et les op\u00e9rations centrales. Sa connectivit\u00e9 en temps r\u00e9el garantit que les membres de l'\u00e9quipe restent align\u00e9s les uns sur les autres et sur les d\u00e9cideurs, ce qui permet des r\u00e9ponses rapides et coordonn\u00e9es dans des environnements dynamiques.<\/p>\n<\/div><\/div><div class=\"col-lg-6 spacer\"><div class=\"box\"><div class=\"image\" style=\"background-image:url(https:\/\/conex-5.hipdev.pro\/wp-content\/uploads\/2025\/08\/image06.webp);\"><\/div><h4>Efficacit\u00e9 op\u00e9rationnelle<\/h4><p>Les journaux d'intervention horodat\u00e9s et les activit\u00e9s agr\u00e9g\u00e9es des travailleurs vous aident \u00e0 \u00e9quilibrer la charge de travail, \u00e0 justifier la taille de l'\u00e9quipe et \u00e0 planifier les op\u00e9rations avec clart\u00e9. Comprenez quand et o\u00f9 vos \u00e9quipes sont le plus n\u00e9cessaires - et \u00e9tayez vos d\u00e9cisions par des donn\u00e9es r\u00e9elles sur le terrain.<\/p>\n<\/div><\/div><div class=\"col-lg-6 spacer\"><div class=\"box\"><div class=\"image\" style=\"background-image:url(https:\/\/conex-5.hipdev.pro\/wp-content\/uploads\/2025\/09\/image7.webp);\"><\/div><h4>Une technologie qui s'adapte<\/h4><p>La plateforme ouverte de Wearin s'int\u00e8gre de mani\u00e8re transparente \u00e0 vos syst\u00e8mes existants - radios, cam\u00e9ras, capteurs et outils de reporting. Construisez votre propre \u00e9cosyst\u00e8me et centralisez toutes les donn\u00e9es op\u00e9rationnelles sous un m\u00eame toit pour une meilleure coordination, efficacit\u00e9 et \u00e9volutivit\u00e9 \u00e0 long terme.<\/p>\n<\/div><\/div>        <\/div>\r\n    <\/div>\r\n<\/section>\n\n<section class=\"work-slider-section\" id=\"\">\r\n    <div class=\"container\">\r\n        <div class=\"row\">\r\n            <div class=\"col-12\">\r\n                <div class=\"section-title\">\r\n                    <h2>CON\u00c7U POUR CEUX QUI TRAVAILLENT DANS LES ENVIRONNEMENTS LES PLUS DIFFICILES.<\/h2>                <\/div>\r\n            <\/div>\r\n        <\/div>\r\n        <div class=\"row\">\r\n            <div class=\"col-12\">\r\n                <div class=\"work-slider\"><div><div class=\"slide\" style=\"background-image:url(https:\/\/conex-5.hipdev.pro\/wp-content\/uploads\/2025\/08\/image08.webp);\"><h4>Application de la loi<\/h4><p>Am\u00e9lioration de la s\u00e9curit\u00e9 des agents et de la coordination en temps r\u00e9el<\/p>\n<\/div><\/div><div><div class=\"slide\" style=\"background-image:url(https:\/\/conex-5.hipdev.pro\/wp-content\/uploads\/2025\/08\/image09.webp);\"><h4>Premiers intervenants<\/h4><p>Am\u00e9lioration de la s\u00e9curit\u00e9 des agents et de la coordination en temps r\u00e9el<\/p>\n<\/div><\/div><div><div class=\"slide\" style=\"background-image:url(https:\/\/conex-5.hipdev.pro\/wp-content\/uploads\/2025\/08\/image10.webp);\"><h4>Premiers intervenants<\/h4><p>Am\u00e9lioration de la s\u00e9curit\u00e9 des agents et de la coordination en temps r\u00e9el<\/p>\n<\/div><\/div><div><div class=\"slide\" style=\"background-image:url(https:\/\/conex-5.hipdev.pro\/wp-content\/uploads\/2025\/08\/image11.webp);\"><h4>Esp\u00e8ces et...<br>Objets de valeur en transit <\/h4><p>Am\u00e9lioration de la s\u00e9curit\u00e9 des agents et de la coordination en temps r\u00e9el<\/p>\n<\/div><\/div><div><div class=\"slide\" style=\"background-image:url(https:\/\/conex-5.hipdev.pro\/wp-content\/uploads\/2025\/08\/image12.webp);\"><h4>S\u00e9curit\u00e9 priv\u00e9e<\/h4><p>Am\u00e9lioration de la s\u00e9curit\u00e9 des agents et de la coordination en temps r\u00e9el<\/p>\n<\/div><\/div><div><div class=\"slide\" style=\"background-image:url(https:\/\/conex-5.hipdev.pro\/wp-content\/uploads\/2025\/08\/image13.webp);\"><h4>Exploitation mini\u00e8re<\/h4><p>Am\u00e9lioration de la s\u00e9curit\u00e9 des agents et de la coordination en temps r\u00e9el<\/p>\n<\/div><\/div><div><div class=\"slide\" style=\"background-image:url(https:\/\/conex-5.hipdev.pro\/wp-content\/uploads\/2025\/08\/image14.webp);\"><h4>Chemins de fer<\/h4><p>Am\u00e9lioration de la s\u00e9curit\u00e9 des agents et de la coordination en temps r\u00e9el<\/p>\n<\/div><\/div><div><div class=\"slide\" style=\"background-image:url(https:\/\/conex-5.hipdev.pro\/wp-content\/uploads\/2025\/08\/image15.webp);\"><h4>Logistique<\/h4><p>Am\u00e9lioration de la s\u00e9curit\u00e9 des agents et de la coordination en temps r\u00e9el<\/p>\n<\/div><\/div><div><div class=\"slide\" style=\"background-image:url(https:\/\/conex-5.hipdev.pro\/wp-content\/uploads\/2025\/08\/image16.webp);\"><h4>La construction<\/h4><p>Am\u00e9lioration de la s\u00e9curit\u00e9 des agents et de la coordination en temps r\u00e9el<\/p>\n<\/div><\/div><div><div class=\"slide\" style=\"background-image:url(https:\/\/conex-5.hipdev.pro\/wp-content\/uploads\/2025\/08\/image17.webp);\"><h4>S\u00e9curit\u00e9 des travailleurs<\/h4><p>Am\u00e9lioration de la s\u00e9curit\u00e9 des agents et de la coordination en temps r\u00e9el<\/p>\n<\/div><\/div><\/div>            <\/div>\r\n        <\/div>\r\n    <\/div>\r\n<\/section>\n\n<section class=\"how-section\" id=\"\">\r\n    <div class=\"container\">\r\n        <div class=\"row align-items-center\">\r\n            <div class=\"col-lg-6 order-lg-2\">\r\n                <div class=\"section-title\"><h2>COMMENT \u00c7A MARCHE<\/h2><a class=\"c-btn light-btn\" href=\"#\" target=\"_self\">Demander une d\u00e9monstration<\/a><\/div><div class=\"image-block\"><img decoding=\"async\" src=\"https:\/\/conex-5.hipdev.pro\/wp-content\/uploads\/2025\/08\/image18.webp\" alt=\"\" \/><\/div>            <\/div>\r\n            <div class=\"col-lg-6 order-lg-1\">\r\n                <div class=\"box\"><div class=\"icon\" style=\"background-image:url(https:\/\/conex-5.hipdev.pro\/wp-content\/uploads\/2025\/08\/icon05.svg);\"><\/div><div class=\"text\"><h4>S\u00e9curit\u00e9 renforc\u00e9e<\/h4><p>La plateforme modulaire de Wearin connecte des capteurs situationnels, environnementaux et\/ou physiologiques pour fournir des informations en temps r\u00e9el et surveiller le personnel sur le terrain.<\/p>\n<\/div><\/div><div class=\"box\"><div class=\"icon\" style=\"background-image:url(https:\/\/conex-5.hipdev.pro\/wp-content\/uploads\/2025\/08\/icon06.svg);\"><\/div><div class=\"text\"><h4>Informations et alertes en temps r\u00e9el aliment\u00e9es par l'IA<\/h4><p>Les algorithmes de Wearin utilisent l'apprentissage automatique pour d\u00e9tecter les dangers imm\u00e9diats et pr\u00e9venir les risques potentiels gr\u00e2ce \u00e0 des alertes g\u00e9n\u00e9r\u00e9es automatiquement et des actions pr\u00e9dictives.<\/p>\n<\/div><\/div><div class=\"box\"><div class=\"icon\" style=\"background-image:url(https:\/\/conex-5.hipdev.pro\/wp-content\/uploads\/2025\/08\/icon07.svg);\"><\/div><div class=\"text\"><h4>Des d\u00e9cisions fond\u00e9es sur des donn\u00e9es pour une efficacit\u00e9 accrue<\/h4><p>Nous allons au-del\u00e0 des syst\u00e8mes traditionnels cloisonn\u00e9s en fournissant des renseignements en temps r\u00e9el et des analyses pr\u00e9dictives au personnel de commandement. L'acquisition continue de donn\u00e9es \u00e0 partir de capteurs connect\u00e9s permet la d\u00e9tection pr\u00e9coce des menaces aigu\u00ebs et la mod\u00e9lisation des risques sanitaires et op\u00e9rationnels \u00e0 long terme.<\/p>\n<\/div><\/div>            <\/div>\r\n        <\/div>\r\n    <\/div>\r\n<\/section>\n\n<section class=\"testimonials-section\" id=\"\">\r\n    <div class=\"container\">\r\n        <div class=\"row justify-content-center\">\r\n            <div class=\"col-lg-8\">\r\n                <div class=\"outer\">\r\n                    <div class=\"section-title\">\r\n                        <h2>TESTIMONIALES<\/h2>                    <\/div>\r\n                <\/div>\r\n            <\/div>\r\n        <\/div>\r\n        <div class=\"row justify-content-center\">\r\n            <div class=\"col-lg-9\">\r\n                <div class=\"testi-slider\"><div><div class=\"slide\"><p>\"Lorem ipsum dolor sit amet, consectetur adipiscing elit. Ipsum nunc nullam rutrum sed sollicitudin euismod nisl phasellus sit. <\/p><div class=\"avatar\" style=\"background-image:url(https:\/\/conex-5.hipdev.pro\/wp-content\/uploads\/2025\/08\/avatar.webp);\"><\/div><h5>Jean Dupont<\/h5><span>Police de Miami<\/span><\/div><\/div><div><div class=\"slide\"><p>\"Lorem ipsum dolor sit amet, consectetur adipiscing elit. Ipsum nunc nullam rutrum sed sollicitudin euismod nisl phasellus sit. <\/p><div class=\"avatar\" style=\"background-image:url(https:\/\/conex-5.hipdev.pro\/wp-content\/uploads\/2025\/08\/avatar.webp);\"><\/div><h5>Jane Doe<\/h5><span>Police de Los Angeles<\/span><\/div><\/div><div><div class=\"slide\"><p>\"Lorem ipsum dolor sit amet, consectetur adipiscing elit. Ipsum nunc nullam rutrum sed sollicitudin euismod nisl phasellus sit. <\/p><div class=\"avatar\" style=\"background-image:url(https:\/\/conex-5.hipdev.pro\/wp-content\/uploads\/2025\/08\/avatar.webp);\"><\/div><h5>Lorem Ipsum<\/h5><span>Police de Chicago<\/span><\/div><\/div><div><div class=\"slide\"><p>\"Lorem ipsum dolor sit amet, consectetur adipiscing elit. Ipsum nunc nullam rutrum sed sollicitudin euismod nisl phasellus sit. <\/p><div class=\"avatar\" style=\"background-image:url(https:\/\/conex-5.hipdev.pro\/wp-content\/uploads\/2025\/08\/avatar.webp);\"><\/div><h5>Ipsum Lorem<\/h5><span>Police de New York<\/span><\/div><\/div><\/div>            <\/div>\r\n        <\/div>\r\n    <\/div>\r\n<\/section>\n\n<section class=\"events-section\" id=\"\">\r\n    <div class=\"container\">\r\n        <div class=\"row\">\r\n            <div class=\"col-lg-12\">\r\n                <div class=\"section-title\"><h2>\u00c9V\u00c9NEMENTS<\/h2><a class=\"c-btn light-btn\" href=\"#\" target=\"_self\">Voir tout<\/a><\/div>            <\/div>\r\n        <\/div>\r\n        <div class=\"row\">\r\n            <div class=\"col-lg-4 spacer\"><div class=\"event-box\"><div class=\"event-img\" style=\"background-image: url(https:\/\/conex-5.hipdev.pro\/wp-content\/uploads\/2025\/09\/image57.webp);\"><\/div><div class=\"event-body\"><span>\u00c9v\u00e9nements \u00e0 venir<\/span><h4>LOREM IPSUM DOLOR SIT AMET CONSECTETUR<\/h4><ul><li>septembre 04<\/li><li>Californie<\/li><\/ul><p>Solutions portables pilot\u00e9es par l'IA pour les forces de l'ordre, les premiers intervenants et les professionnels de l'industrie - am\u00e9liorant la s\u00e9curit\u00e9, l'efficacit\u00e9 et la communication dans les situations critiques.<\/p><a class=\"c-btn light-btn\" href=\"#\" target=\"_self\">En savoir plus<\/a><\/div><\/div><\/div><div class=\"col-lg-4 spacer\"><div class=\"event-box\"><div class=\"event-img\" style=\"background-image: url(https:\/\/conex-5.hipdev.pro\/wp-content\/uploads\/2025\/09\/image52.webp);\"><\/div><div class=\"event-body\"><span>\u00c9v\u00e9nements \u00e0 venir<\/span><h4>LOREM IPSUM DOLOR SIT AMET CONSECTETUR<\/h4><ul><li>septembre 05<\/li><li>Californie<\/li><\/ul><p>Solutions portables pilot\u00e9es par l'IA pour les forces de l'ordre, les premiers intervenants et les professionnels de l'industrie - am\u00e9liorant la s\u00e9curit\u00e9, l'efficacit\u00e9 et la communication dans les situations critiques.<\/p><a class=\"c-btn light-btn\" href=\"#\" target=\"_self\">En savoir plus<\/a><\/div><\/div><\/div><div class=\"col-lg-4 spacer\"><div class=\"event-box\"><div class=\"event-img\" style=\"background-image: url(https:\/\/conex-5.hipdev.pro\/wp-content\/uploads\/2025\/09\/image51.webp);\"><\/div><div class=\"event-body\"><span>\u00c9v\u00e9nements \u00e0 venir<\/span><h4>LOREM IPSUM DOLOR SIT AMET CONSECTETUR<\/h4><ul><li>septembre 06<\/li><li>Californie<\/li><\/ul><p>Solutions portables pilot\u00e9es par l'IA pour les forces de l'ordre, les premiers intervenants et les professionnels de l'industrie - am\u00e9liorant la s\u00e9curit\u00e9, l'efficacit\u00e9 et la communication dans les situations critiques.<\/p><a class=\"c-btn light-btn\" href=\"#\" target=\"_self\">En savoir plus<\/a><\/div><\/div><\/div>        <\/div>\r\n    <\/div>\r\n<\/section>\n\n<section class=\"latest-news-section\" id=\"\">\r\n    <div class=\"container\">\r\n        <div class=\"row\">\r\n            <div class=\"col-lg-12\">\r\n                <div class=\"section-title\"><h2>DERNI\u00c8RES NOUVELLES<\/h2><a class=\"c-btn light-btn\" href=\"https:\/\/conex-5.hipdev.pro\/fr\/news-listing\/\" target=\"_self\">Voir tout<\/a><\/div>            <\/div>\r\n        <\/div>\r\n        <div class=\"row\">\r\n            <div class=\"col-lg-4 spacer\"><a href=\"https:\/\/conex-5.hipdev.pro\/fr\/lorem-ipsum-dolor-sit-amet-consectetur-at-neque-gravida-sed-dui-6\/\"><div class=\"post-box\"><div class=\"post-img\" style=\"background-image: url(https:\/\/conex-5.hipdev.pro\/wp-content\/uploads\/2025\/09\/image55.webp);\"><\/div><div class=\"post-body\"><span>02 septembre 2025<\/span><h4>Lorem ipsum dolor sit amet consectetur. At neque gravida sed dui. #6<\/h4><p>Lorem ipsum dolor sit amet consectetur. At neque gravida sed dui.<\/p><\/div><\/div><\/a><\/div><div class=\"col-lg-4 spacer\"><a href=\"https:\/\/conex-5.hipdev.pro\/fr\/lorem-ipsum-dolor-sit-amet-consectetur-at-neque-gravida-sed-dui-7\/\"><div class=\"post-box\"><div class=\"post-img\" style=\"background-image: url(https:\/\/conex-5.hipdev.pro\/wp-content\/uploads\/2025\/09\/image56.webp);\"><\/div><div class=\"post-body\"><span>02 septembre 2025<\/span><h4>Lorem ipsum dolor sit amet consectetur. At neque gravida sed dui. #7<\/h4><p>Lorem ipsum dolor sit amet consectetur. At neque gravida sed dui.<\/p><\/div><\/div><\/a><\/div><div class=\"col-lg-4 spacer\"><a href=\"https:\/\/conex-5.hipdev.pro\/fr\/lorem-ipsum-dolor-sit-amet-consectetur-at-neque-gravida-sed-dui-8\/\"><div class=\"post-box\"><div class=\"post-img\" style=\"background-image: url(https:\/\/conex-5.hipdev.pro\/wp-content\/uploads\/2025\/09\/image57.webp);\"><\/div><div class=\"post-body\"><span>02 septembre 2025<\/span><h4>Lorem ipsum dolor sit amet consectetur. At neque gravida sed dui. #8<\/h4><p>Lorem ipsum dolor sit amet consectetur. At neque gravida sed dui.<\/p><\/div><\/div><\/a><\/div>        <\/div>\r\n    <\/div>\r\n<\/section>","protected":false},"excerpt":{"rendered":"","protected":false},"author":1,"featured_media":0,"parent":0,"menu_order":0,"comment_status":"closed","ping_status":"closed","template":"","meta":{"_acf_changed":false,"inline_featured_image":false,"footnotes":""},"class_list":["post-9","page","type-page","status-publish","hentry"],"acf":[],"_links":{"self":[{"href":"https:\/\/conex-5.hipdev.pro\/fr\/wp-json\/wp\/v2\/pages\/9","targetHints":{"allow":["GET"]}}],"collection":[{"href":"https:\/\/conex-5.hipdev.pro\/fr\/wp-json\/wp\/v2\/pages"}],"about":[{"href":"https:\/\/conex-5.hipdev.pro\/fr\/wp-json\/wp\/v2\/types\/page"}],"author":[{"embeddable":true,"href":"https:\/\/conex-5.hipdev.pro\/fr\/wp-json\/wp\/v2\/users\/1"}],"replies":[{"embeddable":true,"href":"https:\/\/conex-5.hipdev.pro\/fr\/wp-json\/wp\/v2\/comments?post=9"}],"version-history":[{"count":1,"href":"https:\/\/conex-5.hipdev.pro\/fr\/wp-json\/wp\/v2\/pages\/9\/revisions"}],"predecessor-version":[{"id":833,"href":"https:\/\/conex-5.hipdev.pro\/fr\/wp-json\/wp\/v2\/pages\/9\/revisions\/833"}],"wp:attachment":[{"href":"https:\/\/conex-5.hipdev.pro\/fr\/wp-json\/wp\/v2\/media?parent=9"}],"curies":[{"name":"wp","href":"https:\/\/api.w.org\/{rel}","templated":true}]}}