{"id":803,"date":"2025-10-21T16:43:29","date_gmt":"2025-10-21T16:43:29","guid":{"rendered":"https:\/\/conex-5.hipdev.pro\/?page_id=803"},"modified":"2025-10-21T16:57:29","modified_gmt":"2025-10-21T16:57:29","slug":"foresight","status":"publish","type":"page","link":"https:\/\/conex-5.hipdev.pro\/fr\/foresight\/","title":{"rendered":"Foresight"},"content":{"rendered":"<section class=\"page-hero2-section\" style=\"background-image: url(https:\/\/conex-5.hipdev.pro\/wp-content\/uploads\/2025\/09\/image47-scaled.webp);\">\r\n    <div class=\"container\">\r\n        <div class=\"row align-items-end half-height\">\r\n            <div class=\"col-lg-10\">\r\n                <div class=\"section-title\"><h1>Projet FORESIGHT<\/h1><\/div>            <\/div>\r\n        <\/div>\r\n    <\/div>\r\n<\/section>\n\n<section class=\"content-single-section\">\r\n    <div class=\"container\">\r\n        <div class=\"row justify-content-center\">\r\n            <div class=\"col-lg-8\"><div class=\"text-block\"><h2>Transformer les interventions d'urgence avec des technologies sur mesure<\/h2>\n<p>&nbsp;<\/p>\n<p>Wearin\u2019 est un partenaire associ\u00e9 du projet ForeSight, une initiative dans le cadre du programme Horizon Europe (101168521) visant \u00e0 am\u00e9liorer la gestion des risques de catastrophe gr\u00e2ce \u00e0 des solutions innovantes pour la navigation et la logistique du dernier kilom\u00e8tre. Cet effort collaboratif, dirig\u00e9 par l'Agence f\u00e9d\u00e9rale allemande des secours techniques (THW), r\u00e9unit des organisations de premier plan de Bulgarie, de Chypre, d'Allemagne, de Gr\u00e8ce, d'Italie, des Pays-Bas, de Suisse et de Turquie pour renforcer les capacit\u00e9s d'intervention d'urgence en Europe.<\/p>\n<\/div><\/div><div class=\"col-lg-8\"><div class=\"media-block left-block\"><div class=\"image-box\"><img decoding=\"async\" src=\"https:\/\/conex-5.hipdev.pro\/wp-content\/uploads\/2025\/10\/1730277165450-e1761055377484.jpg\" alt=\"\" \/><span><\/span><\/div><div class=\"text-box\"><h4>\u00a0La r\u00e9union de lancement du projet ForeSight inaugure une nouvelle \u00e8re dans la r\u00e9ponse aux catastrophes et la logistique du dernier kilom\u00e8tre<\/h4>\n<p>Octobre 2024<\/p>\n<p><a href=\"https:\/\/foresight-project.eu\/project-foresight-kick-off-meeting-launches-new-era-in-disaster-response-and-last-kilometer-logistics\/\" target=\"_blank\" rel=\"noopener\">Visiter<\/a><\/p>\n<\/div><\/div><\/div><div class=\"col-lg-8\"><div class=\"media-block right-block\"><div class=\"text-box\"><h4>Lancement du projet ForeSight \u2013 Am\u00e9lioration de la navigation et du transport du dernier kilom\u00e8tre dans des environnements difficiles<\/h4>\n<p>Octobre 2024<\/p>\n<p><a href=\"https:\/\/foresight-project.eu\/launch-of-project-foresight-improving-last-kilometer-navigation-transportation-in-challenging-environments\/\" target=\"_blank\" rel=\"noopener\">Visiter<\/a><\/p>\n<\/div><div class=\"image-box\"><img decoding=\"async\" src=\"https:\/\/conex-5.hipdev.pro\/wp-content\/uploads\/2025\/10\/foresight_4-e1761055398471.webp\" alt=\"\" \/><span><\/span><\/div><\/div><\/div><div class=\"col-lg-8\"><div class=\"text-block\"><h2>Relever les d\u00e9fis modernes de gestion des catastrophes<\/h2>\n<p>Face \u00e0 l'intensification des risques de catastrophes urbaines et d'incendies de for\u00eat due au changement climatique et \u00e0 l'expansion urbaine, les premiers intervenants sont confront\u00e9s \u00e0 des d\u00e9fis croissants pour naviguer dans des environnements \u00e0 faible visibilit\u00e9. Le projet ForeSight d\u00e9veloppe des outils \u00e9conomiques et de pointe pour am\u00e9liorer les capacit\u00e9s d'intervention en am\u00e9liorant la visibilit\u00e9 \u00e0 travers la fum\u00e9e, le feu et la poussi\u00e8re, en renfor\u00e7ant la connaissance de la situation et en optimisant la logistique du dernier kilom\u00e8tre dans les zones sinistr\u00e9es.<\/p>\n<p>Le projet est pionnier dans le d\u00e9veloppement d'un syst\u00e8me LiDAR r\u00e9volutionnaire dans l'infrarouge lointain (LWIR) utilisant des lasers \u00e0 cascade quantique (QCL) pour permettre l'imagerie dans des conditions de faible visibilit\u00e9 tout en att\u00e9nuant les interf\u00e9rences dues au rayonnement du feu. D'autres avanc\u00e9es comprennent :<\/p>\n<ul>\n<li>Imagerie LiDAR flash dans le spectre visible pour l'acquisition rapide de donn\u00e9es 3D;<\/li>\n<li>LiDAR coh\u00e9rent SWIR avec boucle \u00e0 verrouillage optique (OPLL) pour de meilleures performances et une fiabilit\u00e9 accrue ;<\/li>\n<li>Fusion avanc\u00e9e de donn\u00e9es LiDAR pour am\u00e9liorer la navigation et l'extraction de caract\u00e9ristiques ;<\/li>\n<li>\u00c9clairages et capteurs d'imagerie LWIR bas\u00e9s sur des lasers de haute puissance pour p\u00e9n\u00e9trer des obstacles tels que la fum\u00e9e, le brouillard et la poussi\u00e8re ;<\/li>\n<li>Balises MWIR ultra-puissantes avec lasers \u00e0 cascade quantique (QCL) pour une localisation pr\u00e9cise de l'\u00e9quipe et le partage d'informations sur le statut ;<\/li>\n<li>Int\u00e9gration des technologies ForeSight dans les \u00e9quipements des intervenants et les v\u00e9hicules pour un soutien op\u00e9rationnel en temps r\u00e9el.<\/li>\n<\/ul>\n<p>&nbsp;<\/p>\n<\/div><\/div><div class=\"col-lg-8\"><div class=\"video-block\"><div class=\"video-holder\"><video width=\"320\" height=\"240\" controls playsinline><source src=\"https:\/\/conex-5.hipdev.pro\/wp-content\/uploads\/2025\/10\/FORESIGHT-Promotional-video-02122024-v3-1.mp4\" type=\"video\/mp4\">Votre navigateur ne prend pas en charge la balise vid\u00e9o.<\/video><\/div><\/div><\/div><div class=\"col-lg-8\"><div class=\"text-block\"><h2>Consortium<\/h2>\n<p>Le consortium du Projet ForeSight est compos\u00e9 de membres s\u00e9lectionn\u00e9s qui couvrent collectivement tous les domaines essentiels de recherche et d\u00e9veloppement.<\/p>\n<p>Coordonn\u00e9 par l'Agence f\u00e9d\u00e9rale allemande pour l'aide technique (THW), ce projet innovant r\u00e9unit les meilleures organisations europ\u00e9ennes, avec des partenaires de Bulgarie, Chypre, Allemagne, Gr\u00e8ce, Italie, Pays-Bas, Suisse et Turquie.<\/p>\n<p>&nbsp;<\/p>\n<p>&nbsp;<\/p>\n<\/div><\/div><div class=\"col-lg-8\"><div class=\"logos-block\"><div class=\"images-box\"><img decoding=\"async\" src=\"https:\/\/conex-5.hipdev.pro\/wp-content\/uploads\/2025\/10\/Wearin-1-1024x628-1.webp\" alt=\"\" \/><\/div><div class=\"images-box\"><img decoding=\"async\" src=\"https:\/\/conex-5.hipdev.pro\/wp-content\/uploads\/2025\/10\/AAHD.jpg-1024x628-1.webp\" alt=\"\" \/><\/div><div class=\"images-box\"><img decoding=\"async\" src=\"https:\/\/conex-5.hipdev.pro\/wp-content\/uploads\/2025\/10\/Alpes.jpg-1024x628-1.webp\" alt=\"\" \/><\/div><div class=\"images-box\"><img decoding=\"async\" src=\"https:\/\/conex-5.hipdev.pro\/wp-content\/uploads\/2025\/10\/altus.jpg-1024x628-1.webp\" alt=\"\" \/><\/div><div class=\"images-box\"><img decoding=\"async\" src=\"https:\/\/conex-5.hipdev.pro\/wp-content\/uploads\/2025\/10\/ASTRIAL-GmbH-1024x628-1.webp\" alt=\"\" \/><\/div><div class=\"images-box\"><img decoding=\"async\" src=\"https:\/\/conex-5.hipdev.pro\/wp-content\/uploads\/2025\/10\/cnr_logo.jpg-1024x628-1.webp\" alt=\"\" \/><\/div><div class=\"images-box\"><img decoding=\"async\" src=\"https:\/\/conex-5.hipdev.pro\/wp-content\/uploads\/2025\/10\/CSEM-1024x628-1.webp\" alt=\"\" \/><\/div><div class=\"images-box\"><img decoding=\"async\" src=\"https:\/\/conex-5.hipdev.pro\/wp-content\/uploads\/2025\/10\/dipa_logo.jpg-1024x628-1.webp\" alt=\"\" \/><\/div><div class=\"images-box\"><img decoding=\"async\" src=\"https:\/\/conex-5.hipdev.pro\/wp-content\/uploads\/2025\/10\/ETH-Zurich-1024x250-1.webp\" alt=\"\" \/><\/div><div class=\"images-box\"><img decoding=\"async\" src=\"https:\/\/conex-5.hipdev.pro\/wp-content\/uploads\/2025\/10\/Gezamenlijke-Brandweer-1024x628-1.webp\" alt=\"\" \/><\/div><div class=\"images-box\"><img decoding=\"async\" src=\"https:\/\/conex-5.hipdev.pro\/wp-content\/uploads\/2025\/10\/Insait-1024x628-1.webp\" alt=\"\" \/><\/div><div class=\"images-box\"><img decoding=\"async\" src=\"https:\/\/conex-5.hipdev.pro\/wp-content\/uploads\/2025\/10\/Poa-1024x628-1.webp\" alt=\"\" \/><\/div><div class=\"images-box\"><img decoding=\"async\" src=\"https:\/\/conex-5.hipdev.pro\/wp-content\/uploads\/2025\/10\/THW-1-1024x628-1.webp\" alt=\"\" \/><\/div><div class=\"images-box\"><img decoding=\"async\" src=\"https:\/\/conex-5.hipdev.pro\/wp-content\/uploads\/2025\/10\/Untitled-2-1024x628-1.webp\" alt=\"\" \/><\/div><\/div><\/div><div class=\"col-lg-8\"><div class=\"text-block\"><h2><\/h2>\n<h2><\/h2>\n<h2 style=\"text-align: center;\">En avant<\/h2>\n<p style=\"text-align: center;\">Pour atteindre ses objectifs ambitieux et relever les d\u00e9fis qui ont motiv\u00e9 sa cr\u00e9ation, ForeSight a d\u00e9fini un ensemble d'objectifs strat\u00e9giques, technologiques, scientifiques, politiques et soci\u00e9taux. Au c\u0153ur de cette d\u00e9marche se trouve la mission d'am\u00e9liorer la r\u00e9silience de l'UE et de r\u00e9duire la vuln\u00e9rabilit\u00e9 soci\u00e9tale face aux incendies urbains et de for\u00eat en fournissant des outils et des services sur mesure, valid\u00e9s en profondeur par les intervenants, afin de soutenir la formation et d'encourager l'acceptation.<\/p>\n<h5 style=\"text-align: center;\">Restez inform\u00e9 de nos progr\u00e8s et de nos innovations. D\u00e9couvrez comment ForeSight innove dans les interventions d'urgence.<\/h5>\n<p style=\"text-align: center;\"><a href=\"https:\/\/foresight-project.eu\/\" target=\"_blank\" rel=\"noopener\">En savoir plus sur ForeSight<\/a><\/p>\n<p style=\"text-align: center;\">Le projet ForeSight est cofinanc\u00e9 par le programme europ\u00e9en pour la recherche et l'innovation Horizon Europe de l'Union europ\u00e9enne (n\u00b0 de convention 101168521) et par le Secr\u00e9tariat d'\u00c9tat \u00e0 la formation, \u00e0 la recherche et \u00e0 l'innovation de la Suisse.<\/p>\n<\/div><\/div>        <\/div>\r\n        <div class=\"row justify-content-center\">\r\n            <div class=\"col-lg-11\">\r\n                <div class=\"line\"><\/div>\r\n            <\/div>\r\n        <\/div>\r\n    <\/div>\r\n<\/section>","protected":false},"excerpt":{"rendered":"","protected":false},"author":1,"featured_media":0,"parent":0,"menu_order":0,"comment_status":"closed","ping_status":"closed","template":"","meta":{"_acf_changed":false,"inline_featured_image":false,"footnotes":""},"class_list":["post-803","page","type-page","status-publish","hentry"],"acf":[],"_links":{"self":[{"href":"https:\/\/conex-5.hipdev.pro\/fr\/wp-json\/wp\/v2\/pages\/803","targetHints":{"allow":["GET"]}}],"collection":[{"href":"https:\/\/conex-5.hipdev.pro\/fr\/wp-json\/wp\/v2\/pages"}],"about":[{"href":"https:\/\/conex-5.hipdev.pro\/fr\/wp-json\/wp\/v2\/types\/page"}],"author":[{"embeddable":true,"href":"https:\/\/conex-5.hipdev.pro\/fr\/wp-json\/wp\/v2\/users\/1"}],"replies":[{"embeddable":true,"href":"https:\/\/conex-5.hipdev.pro\/fr\/wp-json\/wp\/v2\/comments?post=803"}],"version-history":[{"count":3,"href":"https:\/\/conex-5.hipdev.pro\/fr\/wp-json\/wp\/v2\/pages\/803\/revisions"}],"predecessor-version":[{"id":823,"href":"https:\/\/conex-5.hipdev.pro\/fr\/wp-json\/wp\/v2\/pages\/803\/revisions\/823"}],"wp:attachment":[{"href":"https:\/\/conex-5.hipdev.pro\/fr\/wp-json\/wp\/v2\/media?parent=803"}],"curies":[{"name":"wp","href":"https:\/\/api.w.org\/{rel}","templated":true}]}}