{"id":769,"date":"2025-10-21T16:20:08","date_gmt":"2025-10-21T16:20:08","guid":{"rendered":"https:\/\/conex-5.hipdev.pro\/?page_id=769"},"modified":"2025-10-21T16:39:16","modified_gmt":"2025-10-21T16:39:16","slug":"synergise","status":"publish","type":"page","link":"https:\/\/conex-5.hipdev.pro\/fr\/synergise\/","title":{"rendered":"Synergise"},"content":{"rendered":"<section class=\"page-hero2-section\" style=\"background-image: url(https:\/\/conex-5.hipdev.pro\/wp-content\/uploads\/2025\/09\/image47-scaled.webp);\">\r\n    <div class=\"container\">\r\n        <div class=\"row align-items-end half-height\">\r\n            <div class=\"col-lg-10\">\r\n                <div class=\"section-title\"><h6>Projet SYNERGISE<\/h6><h1>Une mission mondiale pour une intervention plus s\u00fbre en cas de catastrophe<\/h1><p>Wearin\u2019 est un partenaire associ\u00e9 du projet SYNERGISE, une initiative r\u00e9volutionnaire regroupant 18 partenaires d'Europe, du Japon, de Cor\u00e9e du Sud et des \u00c9tats-Unis. Se d\u00e9roulant de septembre 2023 \u00e0 f\u00e9vrier 2027, SYNERGISE vise \u00e0 d\u00e9velopper une bo\u00eete \u00e0 outils int\u00e9gr\u00e9e pour une meilleure gestion des catastrophes, am\u00e9liorant la collaboration et la conscience situationnelle des premiers intervenants.<\/p><\/div>            <\/div>\r\n        <\/div>\r\n    <\/div>\r\n<\/section>\n\n<section class=\"solutions-section white-bg\" id=\"\">\r\n    <div class=\"container\">\r\n        <div class=\"row justify-content-center\">\r\n            <div class=\"col-lg-10\">\r\n                <div class=\"section-title\">\r\n                    <h2>Utiliser les pouvoirs en SYNERGIE<\/h2>                <\/div>\r\n            <\/div>\r\n        <\/div>\r\n        <div class=\"row c2\">\r\n            <div class=\"col-lg-6 spacer\"><div class=\"box\"><h4>Technologie portable intelligente<\/h4><p>Notre solution int\u00e8gre la localisation en temps r\u00e9el, la surveillance des signes vitaux et des capteurs environnementaux, fournissant aux premiers intervenants des donn\u00e9es cruciales sur le terrain.<\/p>\n<\/div><\/div><div class=\"col-lg-6 spacer\"><div class=\"box\"><h4>Conscience situationnelle am\u00e9lior\u00e9e<\/h4><p>Gr\u00e2ce \u00e0 l'analyse pilot\u00e9e par l'IA, notre plateforme traite des donn\u00e9es physiologiques et environnementales critiques, fournissant aux responsables de mission des informations exploitables.<\/p>\n<\/div><\/div><div class=\"col-lg-6 spacer\"><div class=\"box\"><h4>Test\u00e9 dans des sc\u00e9narios r\u00e9els<\/h4><p>Lors du premier test de composant sur le terrain (CFT1) de SYNERGISE \u00e0 Ath\u00e8nes, 13 secouristes ont utilis\u00e9 le syst\u00e8me Wearin dans des sc\u00e9narios de catastrophes simul\u00e9es, contribuant ainsi \u00e0 affiner et valider notre technologie pour des missions r\u00e9elles.<\/p>\n<\/div><\/div><div class=\"col-lg-6 spacer\"><div class=\"box\"><h4>Optimis\u00e9 pour les environnements \u00e0 haut risque<\/h4><p>Nos v\u00eatements connect\u00e9s aident les \u00e9quipes \u00e0 naviguer dans des conditions extr\u00eames en offrant des alertes rapides sur l'\u00e9tat de sant\u00e9, l'exposition \u00e0 des substances dangereuses et le suivi de localisation en temps r\u00e9el.<\/p>\n<\/div><\/div>        <\/div>\r\n    <\/div>\r\n<\/section>\n\n<section class=\"content-single-section\">\r\n    <div class=\"container\">\r\n        <div class=\"row justify-content-center\">\r\n            <div class=\"col-lg-8\"><div class=\"media-block left-block\"><div class=\"image-box\"><img decoding=\"async\" src=\"https:\/\/conex-5.hipdev.pro\/wp-content\/uploads\/2025\/10\/Synergise-Component-Field-Test-CFT1-18-scaled-1-300x200-1.webp\" alt=\"\" \/><span><\/span><\/div><div class=\"text-box\"><h2>Le projet SYNERGISE a tenu son premier test sur le terrain de composant<\/h2>\n<p>Novembre 2024<\/p>\n<p><a href=\"https:\/\/www.synergise-project.eu\/events\/the-synergise-project-held-its-first-component-field-test\/\" target=\"_blank\" rel=\"noopener\">Visiter<\/a><\/p>\n<\/div><\/div><\/div><div class=\"col-lg-8\"><div class=\"media-block right-block\"><div class=\"text-box\"><h2>Le projet SYNERGISE a organis\u00e9 le deuxi\u00e8me atelier de premiers intervenants<\/h2>\n<p>F\u00e9vrier 2024<\/p>\n<p><a href=\"https:\/\/www.synergise-project.eu\/events\/the-synergise-project-organised-the-second-first-responder-workshop-in-rotterdam\/\" target=\"_blank\" rel=\"noopener\">Visiter<\/a><\/p>\n<\/div><div class=\"image-box\"><img decoding=\"async\" src=\"https:\/\/conex-5.hipdev.pro\/wp-content\/uploads\/2025\/10\/Synergise-Workshop-02-24_Images-4-1-scaled-e1760982049888.webp\" alt=\"\" \/><span><\/span><\/div><\/div><\/div><div class=\"col-lg-10\"><div class=\"images-block\"><div class=\"images-box\"><img decoding=\"async\" src=\"https:\/\/conex-5.hipdev.pro\/wp-content\/uploads\/2025\/10\/Synergise-Component-Field-Test-CFT1-23-scaled-e1760982070846.webp\" alt=\"\" \/><br><span><\/span><\/div><div class=\"images-box\"><img decoding=\"async\" src=\"https:\/\/conex-5.hipdev.pro\/wp-content\/uploads\/2025\/10\/Synergise-Component-Field-Test-CFT1-9-scaled-1-e1760982096259.webp\" alt=\"\" \/><br><span><\/span><\/div><div class=\"images-box\"><img decoding=\"async\" src=\"https:\/\/conex-5.hipdev.pro\/wp-content\/uploads\/2025\/10\/Synergise-Component-Field-Test-CFT1-2-scaled-1-e1760982107277.webp\" alt=\"\" \/><br><span><\/span><\/div><div class=\"images-box\"><img decoding=\"async\" src=\"https:\/\/conex-5.hipdev.pro\/wp-content\/uploads\/2025\/10\/IMG_9192-scaled-1-e1760982119744.jpg\" alt=\"\" \/><br><span><\/span><\/div><div class=\"images-box\"><img decoding=\"async\" src=\"https:\/\/conex-5.hipdev.pro\/wp-content\/uploads\/2025\/10\/Image-diOS-9-scaled-1-e1760982130621.webp\" alt=\"\" \/><br><span><\/span><\/div><div class=\"images-box\"><img decoding=\"async\" src=\"https:\/\/conex-5.hipdev.pro\/wp-content\/uploads\/2025\/10\/20230904_Synergise-Press-Release_iStock-1422277506-scaled-1-e1760982140111.webp\" alt=\"\" \/><br><span><\/span><\/div><div class=\"images-box\"><img decoding=\"async\" src=\"https:\/\/conex-5.hipdev.pro\/wp-content\/uploads\/2025\/10\/Synergise-Workshop-02-24_Images-4-1-scaled-e1760982049888.webp\" alt=\"\" \/><br><span><\/span><\/div><div class=\"images-box\"><img decoding=\"async\" src=\"https:\/\/conex-5.hipdev.pro\/wp-content\/uploads\/2025\/10\/Synergise-Component-Field-Test-CFT1-18-scaled-1-300x200-1.webp\" alt=\"\" \/><br><span><\/span><\/div><div class=\"images-box\"><img decoding=\"async\" src=\"https:\/\/conex-5.hipdev.pro\/wp-content\/uploads\/2025\/10\/34c5d7e3-e497-48e6-8adb-030e7f000a75-e1760982149346.jpg\" alt=\"\" \/><br><span><\/span><\/div><div class=\"images-box\"><img decoding=\"async\" src=\"https:\/\/conex-5.hipdev.pro\/wp-content\/uploads\/2025\/10\/Synergise-Workshop-02-24_Images-9-1-scaled-e1760982159761.webp\" alt=\"\" \/><br><span><\/span><\/div><\/div><\/div>        <\/div>\r\n        <div class=\"row justify-content-center\">\r\n            <div class=\"col-lg-11\">\r\n                <div class=\"line\"><\/div>\r\n            <\/div>\r\n        <\/div>\r\n    <\/div>\r\n<\/section>\n\n<section class=\"solutions-section white-bg\" id=\"\">\r\n    <div class=\"container\">\r\n        <div class=\"row justify-content-center\">\r\n            <div class=\"col-lg-10\">\r\n                <div class=\"section-title\">\r\n                    <h2>Impact dans le monde r\u00e9el<\/h2>                <\/div>\r\n            <\/div>\r\n        <\/div>\r\n        <div class=\"row c2\">\r\n            <div class=\"col-lg-6 spacer\"><div class=\"box\"><div class=\"image\" style=\"background-image:url(https:\/\/conex-5.hipdev.pro\/wp-content\/uploads\/2025\/09\/icon41.svg);\"><\/div><h4>13 secouristes<\/h4><p>\u00e9quip\u00e9 de la technologie Wearin\u2019 lors des tests CFT1<\/p>\n<\/div><\/div><div class=\"col-lg-6 spacer\"><div class=\"box\"><div class=\"image\" style=\"background-image:url(https:\/\/conex-5.hipdev.pro\/wp-content\/uploads\/2025\/09\/icon41.svg);\"><\/div><h4>G\u00e9olocalisation int\u00e9rieure en temps r\u00e9el<\/h4><p>pour une coordination am\u00e9lior\u00e9e<\/p>\n<\/div><\/div><div class=\"col-lg-6 spacer\"><div class=\"box\"><div class=\"image\" style=\"background-image:url(https:\/\/conex-5.hipdev.pro\/wp-content\/uploads\/2025\/09\/icon41.svg);\"><\/div><h4>Informations bas\u00e9es sur l'IA<\/h4><p>pour optimiser les strat\u00e9gies de r\u00e9ponse<\/p>\n<\/div><\/div><div class=\"col-lg-6 spacer\"><div class=\"box\"><div class=\"image\" style=\"background-image:url(https:\/\/conex-5.hipdev.pro\/wp-content\/uploads\/2025\/09\/icon41.svg);\"><\/div><h4>Technologie \u00e9prouv\u00e9e au combat<\/h4><p>dans des environnements difficiles<\/p>\n<\/div><\/div>        <\/div>\r\n    <\/div>\r\n<\/section>\n\n<section class=\"content-single-section\">\r\n    <div class=\"container\">\r\n        <div class=\"row justify-content-center\">\r\n            <div class=\"col-lg-8\"><div class=\"text-block\"><h2>Prot\u00e9ger ceux qui nous prot\u00e8gent<\/h2>\n<p>Les premiers intervenants op\u00e8rent dans des situations impr\u00e9visibles et \u00e0 haut risque. En int\u00e9grant des v\u00eatements intelligents dot\u00e9s d'IA aux solutions innovantes de gestion des catastrophes de SYNERGISE, Wearin\u2019 garantit que les \u00e9quipes de secours disposent des outils n\u00e9cessaires pour agir plus rapidement, plus intelligemment et en toute s\u00e9curit\u00e9.<\/p>\n<p><a href=\"#\">Solution pour premiers intervenants<\/a><\/p>\n<p>&nbsp;<\/p>\n<p>&nbsp;<\/p>\n<p>&nbsp;<\/p>\n<h2>Consortium<\/h2>\n<p>Les membres du consortium SYNERGISE ont \u00e9t\u00e9 soigneusement s\u00e9lectionn\u00e9s pour couvrir tous les domaines de recherche et d\u00e9veloppement requis du projet de mani\u00e8re \u00e9quilibr\u00e9e, en utilisant leur expertise et leurs collaborations ant\u00e9rieures pour atteindre avec succ\u00e8s les objectifs du projet. La structure du partenariat repose sur l'excellence, la compl\u00e9mentarit\u00e9, la transnationalit\u00e9 et la pluridisciplinarit\u00e9.<\/p>\n<p>Le consortium SYNERGISE comprend 18 partenaires d'Europe, du Japon, de la R\u00e9publique de Cor\u00e9e et des \u00c9tats-Unis d'Am\u00e9rique.<\/p>\n<p>&nbsp;<\/p>\n<p>&nbsp;<\/p>\n<\/div><\/div><div class=\"col-lg-8\"><div class=\"logos-block\"><div class=\"images-box\"><img decoding=\"async\" src=\"https:\/\/conex-5.hipdev.pro\/wp-content\/uploads\/2025\/10\/Wearin-1024x628-1.webp\" alt=\"\" \/><\/div><div class=\"images-box\"><img decoding=\"async\" src=\"https:\/\/conex-5.hipdev.pro\/wp-content\/uploads\/2025\/10\/Artic-1024x628-1.webp\" alt=\"\" \/><\/div><div class=\"images-box\"><img decoding=\"async\" src=\"https:\/\/conex-5.hipdev.pro\/wp-content\/uploads\/2025\/10\/Astrial-1024x628-1.webp\" alt=\"\" \/><\/div><div class=\"images-box\"><img decoding=\"async\" src=\"https:\/\/conex-5.hipdev.pro\/wp-content\/uploads\/2025\/10\/Etri-1024x628-1.webp\" alt=\"\" \/><\/div><div class=\"images-box\"><img decoding=\"async\" src=\"https:\/\/conex-5.hipdev.pro\/wp-content\/uploads\/2025\/10\/GB-1024x628-1.webp\" alt=\"\" \/><\/div><div class=\"images-box\"><img decoding=\"async\" src=\"https:\/\/conex-5.hipdev.pro\/wp-content\/uploads\/2025\/10\/Hellenic-1024x628-1.webp\" alt=\"\" \/><\/div><div class=\"images-box\"><img decoding=\"async\" src=\"https:\/\/conex-5.hipdev.pro\/wp-content\/uploads\/2025\/10\/Informatics-1024x628-1.webp\" alt=\"\" \/><\/div><div class=\"images-box\"><img decoding=\"async\" src=\"https:\/\/conex-5.hipdev.pro\/wp-content\/uploads\/2025\/10\/National-University-1024x628-1.webp\" alt=\"\" \/><\/div><div class=\"images-box\"><img decoding=\"async\" src=\"https:\/\/conex-5.hipdev.pro\/wp-content\/uploads\/2025\/10\/NTNU-1024x628-1.webp\" alt=\"\" \/><\/div><div class=\"images-box\"><img decoding=\"async\" src=\"https:\/\/conex-5.hipdev.pro\/wp-content\/uploads\/2025\/10\/Plus-1024x628-1.webp\" alt=\"\" \/><\/div><div class=\"images-box\"><img decoding=\"async\" src=\"https:\/\/conex-5.hipdev.pro\/wp-content\/uploads\/2025\/10\/R2-1-1024x628-1.webp\" alt=\"\" \/><\/div><div class=\"images-box\"><img decoding=\"async\" src=\"https:\/\/conex-5.hipdev.pro\/wp-content\/uploads\/2025\/10\/Scientific-1024x628-1.webp\" alt=\"\" \/><\/div><div class=\"images-box\"><img decoding=\"async\" src=\"https:\/\/conex-5.hipdev.pro\/wp-content\/uploads\/2025\/10\/Sysnav-1024x628-1.webp\" alt=\"\" \/><\/div><div class=\"images-box\"><img decoding=\"async\" src=\"https:\/\/conex-5.hipdev.pro\/wp-content\/uploads\/2025\/10\/The-Robotic-Systems-Lab-at-ETH-Zurich-1024x628-1.webp\" alt=\"\" \/><\/div><div class=\"images-box\"><img decoding=\"async\" src=\"https:\/\/conex-5.hipdev.pro\/wp-content\/uploads\/2025\/10\/The-Sodertorn-Fire-Brigade-Association-1024x628-1.webp\" alt=\"\" \/><\/div><div class=\"images-box\"><img decoding=\"async\" src=\"https:\/\/conex-5.hipdev.pro\/wp-content\/uploads\/2025\/10\/THW-1024x628-1.webp\" alt=\"\" \/><\/div><div class=\"images-box\"><img decoding=\"async\" src=\"https:\/\/conex-5.hipdev.pro\/wp-content\/uploads\/2025\/10\/TNO-1024x628-1.webp\" alt=\"\" \/><\/div><div class=\"images-box\"><img decoding=\"async\" src=\"https:\/\/conex-5.hipdev.pro\/wp-content\/uploads\/2025\/10\/Virnetec-1024x628-1.webp\" alt=\"\" \/><\/div><\/div><\/div><div class=\"col-lg-8\"><div class=\"text-block\"><h2><\/h2>\n<h2><\/h2>\n<h2 style=\"text-align: center;\">En avant<\/h2>\n<p style=\"text-align: center;\">Le projet SYNERGISE se poursuit jusqu'en f\u00e9vrier 2027, avec des essais, une validation et un d\u00e9ploiement de solutions d'intervention avanc\u00e9es en cours dans le monde r\u00e9el. Wearin\u2019 reste \u00e0 l'avant-garde de cette mission, travaillant aux c\u00f4t\u00e9s de partenaires mondiaux pour fa\u00e7onner l'avenir de la s\u00e9curit\u00e9 des premiers intervenants.<\/p>\n<h5 style=\"text-align: center;\">Restez inform\u00e9 de nos progr\u00e8s et de nos innovations. D\u00e9couvrez comment SYNERGISE innove en mati\u00e8re de r\u00e9ponse aux urgences.<\/h5>\n<p style=\"text-align: center;\"><a href=\"https:\/\/www.synergise-project.eu\/events\/the-synergise-project-participated-in-the-humanitarian-networks-and-partnerships-week-hnpw-2024\/\" target=\"_blank\" rel=\"noopener\">En savoir plus sur SYNERGISE<\/a><\/p>\n<p style=\"text-align: center;\">Le projet SYNERGISE est cofinanc\u00e9 par l'Union europ\u00e9enne <a href=\"https:\/\/research-and-innovation.ec.europa.eu\/funding\/funding-opportunities\/funding-programmes-and-open-calls\/horizon-europe_en\" target=\"_blank\" rel=\"noopener\">Horizon Europe<\/a> programme-cadre \u00ab Recherche et innovation \u00bb, le Secr\u00e9tariat d\u2019\u00c9tat \u00e0 la formation, \u00e0 la recherche et \u00e0 l\u2019innovation de la Suisse, et d\u2019autres partenaires internationaux.<\/p>\n<\/div><\/div>        <\/div>\r\n        <div class=\"row justify-content-center\">\r\n            <div class=\"col-lg-11\">\r\n                <div class=\"line\"><\/div>\r\n            <\/div>\r\n        <\/div>\r\n    <\/div>\r\n<\/section>","protected":false},"excerpt":{"rendered":"","protected":false},"author":1,"featured_media":0,"parent":0,"menu_order":0,"comment_status":"closed","ping_status":"closed","template":"","meta":{"_acf_changed":false,"inline_featured_image":false,"footnotes":""},"class_list":["post-769","page","type-page","status-publish","hentry"],"acf":[],"_links":{"self":[{"href":"https:\/\/conex-5.hipdev.pro\/fr\/wp-json\/wp\/v2\/pages\/769","targetHints":{"allow":["GET"]}}],"collection":[{"href":"https:\/\/conex-5.hipdev.pro\/fr\/wp-json\/wp\/v2\/pages"}],"about":[{"href":"https:\/\/conex-5.hipdev.pro\/fr\/wp-json\/wp\/v2\/types\/page"}],"author":[{"embeddable":true,"href":"https:\/\/conex-5.hipdev.pro\/fr\/wp-json\/wp\/v2\/users\/1"}],"replies":[{"embeddable":true,"href":"https:\/\/conex-5.hipdev.pro\/fr\/wp-json\/wp\/v2\/comments?post=769"}],"version-history":[{"count":5,"href":"https:\/\/conex-5.hipdev.pro\/fr\/wp-json\/wp\/v2\/pages\/769\/revisions"}],"predecessor-version":[{"id":802,"href":"https:\/\/conex-5.hipdev.pro\/fr\/wp-json\/wp\/v2\/pages\/769\/revisions\/802"}],"wp:attachment":[{"href":"https:\/\/conex-5.hipdev.pro\/fr\/wp-json\/wp\/v2\/media?parent=769"}],"curies":[{"name":"wp","href":"https:\/\/api.w.org\/{rel}","templated":true}]}}