{"id":635,"date":"2025-09-05T16:13:19","date_gmt":"2025-09-05T16:13:19","guid":{"rendered":"https:\/\/conex-5.hipdev.pro\/?page_id=635"},"modified":"2025-09-22T13:48:22","modified_gmt":"2025-09-22T13:48:22","slug":"municipal-police","status":"publish","type":"page","link":"https:\/\/conex-5.hipdev.pro\/fr\/municipal-police\/","title":{"rendered":"Police municipale"},"content":{"rendered":"<section class=\"page-hero-section\" style=\"background-image: url(https:\/\/conex-5.hipdev.pro\/wp-content\/uploads\/2025\/08\/image30-scaled.webp);\">\r\n    <div class=\"container\">\r\n        <div class=\"row align-items-end full-height\">\r\n            <div class=\"col-12\">\r\n                <div class=\"section-title\"><span>POLICE MUNICIPALE<\/span><h1>LE DROIT <blue>INFORMATION,<\/blue><br> \u00c0 DROITE <blue>TEMPS<\/blue><\/h1><p>Dans les environnements urbains d'aujourd'hui, les unit\u00e9s de police municipale sont confront\u00e9es \u00e0 une pression accrue : r\u00e9pondre rapidement, coordonner de mani\u00e8re transparente, justifier la pr\u00e9sence et maintenir la confiance des citoyens, tout en assurant la s\u00e9curit\u00e9 des agents. Wearin' est l'\u00e9cosyst\u00e8me connect\u00e9 qui fournit aux agents, au commandement et \u00e0 la direction des renseignements en temps r\u00e9el et des donn\u00e9es structur\u00e9es, transformant les interventions quotidiennes en op\u00e9rations plus s\u00fbres, plus rapides et plus responsables.<\/p><a class=\"c-btn light-btn\" href=\"#\" target=\"_self\">Demander une d\u00e9monstration<\/a><\/div>            <\/div>\r\n        <\/div>\r\n    <\/div>\r\n<\/section>\n\n<section class=\"content-5-section\" id=\"\">\r\n    <div class=\"container\">\r\n        <div class=\"row\">\r\n            <div class=\"col-12\">\r\n                <ul class=\"nav custom-tabs\" id=\"tabyTab\" role=\"tablist\"><li class=\"nav-item\" role=\"presentation\"><button class=\"nav-link active\" id=\"efeats-tab1\" data-bs-toggle=\"tab\" data-bs-target=\"#efeats1\" type=\"button\" role=\"tab\" aria-controls=\"efeats1\" aria-selected=\"true\"><span>Op\u00e9rations sur le terrain<\/span><\/button><\/li><li class=\"nav-item\" role=\"presentation\"><button class=\"nav-link\" id=\"efeats-tab2\" data-bs-toggle=\"tab\" data-bs-target=\"#efeats2\" type=\"button\" role=\"tab\" aria-controls=\"efeats2\" aria-selected=\"false\"><span>Commandement et contr\u00f4le<\/span><\/button><\/li><li class=\"nav-item\" role=\"presentation\"><button class=\"nav-link\" id=\"efeats-tab3\" data-bs-toggle=\"tab\" data-bs-target=\"#efeats3\" type=\"button\" role=\"tab\" aria-controls=\"efeats3\" aria-selected=\"false\"><span>Supervision strat\u00e9gique<\/span><\/button><\/li><\/ul>            <\/div>\r\n        <\/div>\r\n        <div class=\"row\">\r\n            <div class=\"col-12\">\r\n                <div class=\"tab-content\" id=\"tabyTabContent\"><div class=\"tab-pane fade show active\" id=\"efeats1\" role=\"tabpanel\" aria-labelledby=\"efeats-tab1\"><div class=\"row\"><div class=\"col-12\"><div class=\"section-title\"><h2>LES INFORMATIONS CRITIQUES SUR LE TERRAIN SONT SOUVENT RETARD\u00c9ES, INCOMPL\u00c8TES OU DIFFICILES \u00c0 COMMUNIQUER.<\/h2><p>Les informations essentielles sur le terrain sont souvent retard\u00e9es, incompl\u00e8tes ou difficiles \u00e0 communiquer.<\/p>\n<p>Lorsque les agents sont confront\u00e9s \u00e0 une menace, on attend d'eux qu'ils g\u00e8rent la situation, qu'ils signalent leur position, qu'ils d\u00e9crivent le suspect et qu'ils demandent de l'aide, tout cela en m\u00eame temps. Mais lorsque les secondes sont compt\u00e9es, les agents doivent se concentrer sur leur mission. C'est l\u00e0 que Wearin' intervient.<\/p>\n<\/div><\/div><\/div><div class=\"row align-items-center\"><div class=\"col-lg-6\"><div class=\"image-block\"><img decoding=\"async\" src=\"https:\/\/conex-5.hipdev.pro\/wp-content\/uploads\/2025\/09\/image70-1.webp\" alt=\"\" \/><\/div><\/div><div class=\"col-lg-6\"><div class=\"box\"><div class=\"head\"><div class=\"image\" style=\"background-image:url(https:\/\/conex-5.hipdev.pro\/wp-content\/uploads\/2025\/08\/icon11.svg);\"><\/div><h4>D\u00e9tection des poursuites<\/h4><\/div><p>Laissez vos agents se concentrer sur la menace. Wearin' permet de synchroniser le commandement.<\/p>\n<p>Notre algorithme de mouvement aliment\u00e9 par l'IA d\u00e9tecte le moment o\u00f9 un agent s'engage dans un sprint. Wearin' alerte instantan\u00e9ment le commandement, d\u00e9clenche la diffusion vid\u00e9o et partage l'emplacement en direct sans aucune intervention manuelle.<\/p>\n<\/div><div class=\"box\"><div class=\"head\"><div class=\"image\" style=\"background-image:url(https:\/\/conex-5.hipdev.pro\/wp-content\/uploads\/2025\/08\/icon12.svg);\"><\/div><h4>Bouton SOS<\/h4><\/div><p>Les secondes comptent. Une seule pression suffit<\/p>\n<p>Un bouton l\u00e9ger, discret et ergonomique permet aux agents de demander instantan\u00e9ment des renforts, m\u00eame dans des situations tr\u00e8s stressantes ou secr\u00e8tes. L'alerte est imm\u00e9diatement transmise au centre de commandement, accompagn\u00e9e d'une localisation en direct et de flux de donn\u00e9es optionnels.<\/p>\n<\/div><div class=\"box\"><div class=\"head\"><div class=\"image\" style=\"background-image:url(https:\/\/conex-5.hipdev.pro\/wp-content\/uploads\/2025\/08\/icon13.svg);\"><\/div><h4>L'homme \u00e0 terre<\/h4><\/div><p>Jamais seul. Toujours soutenu<\/p>\n<p>Si un agent tombe et ne r\u00e9agit pas, le syst\u00e8me d\u00e9clenche une alerte automatique d'homme \u00e0 terre, relayant instantan\u00e9ment sa position et le flux audio-vid\u00e9o en direct au centre de commandement pour une intervention et un soutien imm\u00e9diats.<\/p>\n<\/div><\/div><\/div><\/div><div class=\"tab-pane fade\" id=\"efeats2\" role=\"tabpanel\" aria-labelledby=\"efeats-tab2\"><div class=\"row\"><div class=\"col-12\"><div class=\"section-title\"><h2>LORSQU'UNE INTERVENTION COMMENCE, LES D\u00c9CISIONS DOIVENT \u00caTRE PRISES EN QUELQUES SECONDES.<\/h2><p>Lorsqu'une intervention commence, les d\u00e9cisions doivent \u00eatre prises en quelques secondes.<\/p>\n<p>La plupart des centres de commandement fonctionnent avec une visibilit\u00e9 partielle, des mises \u00e0 jour manuelles ou l'incertitude de savoir qui se trouve o\u00f9 et avec quel \u00e9quipement. Wearin' fournit au commandement et au contr\u00f4le les informations en temps r\u00e9el n\u00e9cessaires pour prendre des d\u00e9cisions rapides, pr\u00e9cises et s\u00fbres.<\/p>\n<\/div><\/div><\/div><div class=\"row align-items-center\"><div class=\"col-lg-6\"><div class=\"image-block\"><img decoding=\"async\" src=\"https:\/\/conex-5.hipdev.pro\/wp-content\/uploads\/2025\/09\/image71-1.webp\" alt=\"\" \/><\/div><\/div><div class=\"col-lg-6\"><div class=\"box\"><div class=\"head\"><div class=\"image\" style=\"background-image:url(https:\/\/conex-5.hipdev.pro\/wp-content\/uploads\/2025\/08\/icon14.svg);\"><\/div><h4>Localisation en direct<\/h4><\/div><p>Visibilit\u00e9 tactique, d\u00e9clench\u00e9e uniquement lorsque c'est important. <\/p>\n<p>Lorsqu'une alerte est d\u00e9clench\u00e9e, Wearin' partage instantan\u00e9ment la position en direct de l'agent et le flux vid\u00e9o, ainsi que les positions des co\u00e9quipiers \u00e0 proximit\u00e9. Cette activation bas\u00e9e sur une alarme donne au commandement une visibilit\u00e9 imm\u00e9diate o\u00f9 et quand il en a besoin.<\/p>\n<\/div><div class=\"box\"><div class=\"head\"><div class=\"image\" style=\"background-image:url(https:\/\/conex-5.hipdev.pro\/wp-content\/uploads\/2025\/08\/icon15.svg);\"><\/div><h4>G\u00e9ofencing dynamique<\/h4><\/div><p>Le p\u00e9rim\u00e8tre se construit de lui-m\u00eame. L'image se compl\u00e8te d'elle-m\u00eame. <\/p>\n<p>Lorsqu'un incident se produit, Wearin' g\u00e9n\u00e8re automatiquement un p\u00e9rim\u00e8tre dynamique autour de la zone. \u00c0 l'int\u00e9rieur de ce p\u00e9rim\u00e8tre, le syst\u00e8me cartographie les patrouilles voisines et affiche leur statut et leur \u00e9quipement en temps r\u00e9el, ce qui permet au commandement d'envoyer les unit\u00e9s les plus appropri\u00e9es<\/p>\n<\/div><div class=\"box\"><div class=\"head\"><div class=\"image\" style=\"background-image:url(https:\/\/conex-5.hipdev.pro\/wp-content\/uploads\/2025\/09\/icon40.svg);\"><\/div><h4>Vue de l'\u00e9tat de pr\u00e9paration op\u00e9rationnelle<\/h4><\/div><p>Qui se trouve \u00e0 proximit\u00e9. Ce qu'ils transportent. Ce qu'ils font. <\/p>\n<p>Au-del\u00e0 des points sur une carte, Wearin' donne au commandement une vue de la mission : officiers actifs, r\u00f4le actuel (patrouille, intervention, en route) et \u00e9quipement (par exemple, \u00e9quip\u00e9 d'un taser, arm\u00e9 ou non arm\u00e9). C'est ainsi que l'on envoie la bonne \u00e9quipe, du premier coup<\/p>\n<\/div><\/div><\/div><\/div><div class=\"tab-pane fade\" id=\"efeats3\" role=\"tabpanel\" aria-labelledby=\"efeats-tab3\"><div class=\"row\"><div class=\"col-12\"><div class=\"section-title\"><h2>LES RESPONSABLES MUNICIPAUX SONT TENUS DE RENDRE COMPTE DE LA MANI\u00c8RE DONT LA S\u00c9CURIT\u00c9 EST ASSUR\u00c9E.<\/h2><p>Les responsables municipaux sont tenus de rendre compte de la mani\u00e8re dont la s\u00e9curit\u00e9 est assur\u00e9e<\/p>\n<p>Aujourd'hui, ils s'appuient souvent sur des rapports fragment\u00e9s, des plaintes de citoyens ou des outils obsol\u00e8tes pour \u00e9valuer les op\u00e9rations sur le terrain. Wearin' transforme chaque intervention en donn\u00e9es structur\u00e9es et horodat\u00e9es, ce qui vous permet de justifier la pr\u00e9sence de la police, de d\u00e9montrer sa r\u00e9activit\u00e9 et d'allouer des ressources en toute confiance.<\/p>\n<\/div><\/div><\/div><div class=\"row align-items-center\"><div class=\"col-lg-6\"><div class=\"image-block\"><img decoding=\"async\" src=\"https:\/\/conex-5.hipdev.pro\/wp-content\/uploads\/2025\/09\/image72-1.webp\" alt=\"\" \/><\/div><\/div><div class=\"col-lg-6\"><div class=\"box\"><div class=\"head\"><div class=\"image\" style=\"background-image:url(https:\/\/conex-5.hipdev.pro\/wp-content\/uploads\/2025\/09\/icon19.svg);\"><\/div><h4>Cartes de chaleur des activit\u00e9s de terrain<\/h4><\/div><p>Sachez quels domaines ont \u00e9t\u00e9 couverts. Anticipez ceux qui ne l'ont pas \u00e9t\u00e9.<\/p>\n<p>Wearin' regroupe les points de g\u00e9olocalisation anonymes de toutes les patrouilles de votre police municipale, sans suivre les individus. Ces donn\u00e9es collectives se transforment en cartes thermiques visuelles de la couverture du territoire, vous aidant \u00e0 rep\u00e9rer les zones aveugles, \u00e0 r\u00e9affecter les patrouilles et \u00e0 d\u00e9montrer votre pr\u00e9sence l\u00e0 o\u00f9 c'est le plus important.<\/p>\n<\/div><div class=\"box\"><div class=\"head\"><div class=\"image\" style=\"background-image:url(https:\/\/conex-5.hipdev.pro\/wp-content\/uploads\/2025\/09\/icon41.svg);\"><\/div><h4>Gestion optimis\u00e9e de l'\u00e9quipe<\/h4><\/div><p>Diriger avec des faits. Attribuer avec pr\u00e9cision.<\/p>\n<p>Les journaux d'intervention horodat\u00e9s et les activit\u00e9s agr\u00e9g\u00e9es des patrouilles vous aident \u00e0 \u00e9quilibrer la charge de travail, \u00e0 justifier la taille des \u00e9quipes et \u00e0 planifier les op\u00e9rations avec clart\u00e9. Comprenez quand et o\u00f9 vos \u00e9quipes sont le plus n\u00e9cessaires, et appuyez vos d\u00e9cisions sur des donn\u00e9es r\u00e9elles de terrain.<\/p>\n<\/div><div class=\"box\"><div class=\"head\"><div class=\"image\" style=\"background-image:url(https:\/\/conex-5.hipdev.pro\/wp-content\/uploads\/2025\/09\/icon42.svg);\"><\/div><h4>Interop\u00e9rabilit\u00e9 totale de l'\u00e9cosyst\u00e8me<\/h4><\/div><p>Cassez les silos. Unifiez votre technologie.<\/p>\n<p>La plateforme ouverte de Wearin s'int\u00e8gre de mani\u00e8re transparente \u00e0 vos syst\u00e8mes existants - radios, cam\u00e9ras, capteurs et outils de reporting. Vous \u00eates libre de<br \/>\ncr\u00e9ez votre propre \u00e9cosyst\u00e8me et centralisez toutes les donn\u00e9es op\u00e9rationnelles sous un m\u00eame toit pour une meilleure coordination, une plus grande efficacit\u00e9 et une \u00e9volutivit\u00e9 \u00e0 long terme.<\/p>\n<\/div><\/div><\/div><\/div><\/div>            <\/div>\r\n        <\/div>\r\n    <\/div>\r\n<\/section>\n\n<section class=\"support-section\" id=\"\">\r\n    <div class=\"container\">\r\n        <div class=\"row\">\r\n            <div class=\"col-lg-6\">\r\n                <div class=\"section-title\">\r\n                    <h2>COMMENT PORTER DES SOUTIENS <blue>TOUS LES R\u00d4LES<\/blue><\/h2>                <\/div>\r\n            <\/div>\r\n        <\/div>\r\n        <div class=\"row align-items-center\">\r\n            <div class=\"col-lg-6 order-lg-2\">\r\n                <div class=\"image-block\"><img decoding=\"async\" src=\"https:\/\/conex-5.hipdev.pro\/wp-content\/uploads\/2025\/09\/image20.webp\" alt=\"\" \/><\/div>            <\/div>\r\n            <div class=\"col-lg-6 order-lg-1\">\r\n                <div class=\"accords\"><div class=\"accord-card\"><button class=\"card-btn\">Op\u00e9rateurs de terrain<span>Se concentrer sur la menace - et non sur l'administrateur<\/span><\/button><div class=\"card-box\"><p>Les officiers ne peuvent pas tout faire dans le feu de l'action. Wearin' automatise les alertes et le partage des donn\u00e9es afin qu'ils puissent rester concentr\u00e9s sur leur mission.<\/p>\n<ul>\n<li>Moins de blessures signifie moins d'absences m\u00e9dicales et plus de tranquillit\u00e9 d'esprit pendant le travail.<\/li>\n<li>Des agents plus s\u00fbrs pour de meilleures interventions et des r\u00e9sultats plus s\u00fbrs pour les civils<\/li>\n<\/ul>\n<\/div><\/div><div class=\"accord-card\"><button class=\"card-btn\">Op\u00e9rateurs de commandement et de contr\u00f4le<span>Des angles morts \u00e0 la clart\u00e9 totale<\/span><\/button><div class=\"card-box\"><p>Les mises \u00e0 jour fragment\u00e9es ralentissent les d\u00e9cisions. Wearin' fournit au commandement des informations en direct sur le statut, la localisation et le contexte de l'\u00e9quipe, le tout en une seule vue.<\/p>\n<ul>\n<li>Obtenir la bonne sauvegarde au bon endroit - plus rapidement et avec un contexte complet<\/li>\n<li>Une meilleure connaissance de la situation signifie moins de blessures pour les agents et des op\u00e9rations plus efficaces.<\/li>\n<\/ul>\n<\/div><\/div><div class=\"accord-card\"><button class=\"card-btn\">Chefs et \u00e9lus<span>Renforcer la surveillance. Renforcer la confiance<\/span><\/button><div class=\"card-box\"><p>Il est difficile de prouver la performance avec des rapports \u00e9pars. Wearin' transforme les actions sur le terrain en donn\u00e9es mesurables pour des d\u00e9cisions intelligentes et des r\u00e9sultats visibles.<\/p>\n<ul>\n<li>Moins de blessures chez les agents, c'est moins de frais et une force plus stable et plus efficace.<\/li>\n<li>Des citoyens satisfaits favorisent la r\u00e9\u00e9lection et renforcent la cr\u00e9dibilit\u00e9 des institutions<\/li>\n<\/ul>\n<\/div><\/div><\/div>            <\/div>\r\n        <\/div>\r\n    <\/div>\r\n<\/section>\n\n<section class=\"feat-slider-section\" id=\"\">\r\n    <div class=\"container\">\r\n        <div class=\"row justify-content-center\">\r\n            <div class=\"col-lg-10\">\r\n                <div class=\"section-title\">\r\n                    <h2><blue>CONSTRUIT POUR LE TERRAIN.<\/blue> LA CONFIANCE PAR LE COMMANDEMENT. SOUTENU PAR DES R\u00c9SULTATS.<\/h2><a class=\"c-btn light-btn\" href=\"#\" target=\"_self\">D\u00e9couvrez nos solutions<\/a>                <\/div>\r\n            <\/div>\r\n        <\/div>\r\n        <div class=\"row align-items-center\">\r\n            <div class=\"col-lg-5\">\r\n                <ul class=\"nav custom-tabs\" id=\"featsTab\" role=\"tablist\"><li class=\"nav-item\" role=\"presentation\"><button class=\"nav-link active\" id=\"featsy-tab1\" data-bs-toggle=\"tab\" data-bs-target=\"#featsy1\" type=\"button\" role=\"tab\" aria-controls=\"featsy1\" aria-selected=\"true\"><span class=\"head\" style=\"background-image:url(https:\/\/conex-5.hipdev.pro\/wp-content\/uploads\/2025\/09\/icon39.svg);\"><h5>Interop\u00e9rabilit\u00e9 d\u00e8s la conception<\/h5><\/span><p>Connexion transparente avec votre \u00e9cosyst\u00e8me existant. La plateforme ouverte de Wearin s'int\u00e8gre aux capteurs, aux cam\u00e9ras corporelles, aux radios et aux logiciels que vous utilisez d\u00e9j\u00e0 - pas de verrouillage des fournisseurs, pas de silos technologiques.<\/p><\/button><\/li><li class=\"nav-item\" role=\"presentation\"><button class=\"nav-link\" id=\"featsy-tab2\" data-bs-toggle=\"tab\" data-bs-target=\"#featsy2\" type=\"button\" role=\"tab\" aria-controls=\"featsy2\" aria-selected=\"false\"><span class=\"head\" style=\"background-image:url(https:\/\/conex-5.hipdev.pro\/wp-content\/uploads\/2025\/09\/icon39.svg);\"><h5>Rentabilit\u00e9<\/h5><\/span><p>Un seul appareil. Pas d'obsolescence. Wearin' \u00e9volue avec vos besoins, gr\u00e2ce \u00e0 des mises \u00e0 jour logicielles et \u00e0 la modularit\u00e9 du mat\u00e9riel. Il n'est pas n\u00e9cessaire de remplacer des syst\u00e8mes complets tous les deux ans.<\/p><\/button><\/li><li class=\"nav-item\" role=\"presentation\"><button class=\"nav-link\" id=\"featsy-tab3\" data-bs-toggle=\"tab\" data-bs-target=\"#featsy3\" type=\"button\" role=\"tab\" aria-controls=\"featsy3\" aria-selected=\"false\"><span class=\"head\" style=\"background-image:url(https:\/\/conex-5.hipdev.pro\/wp-content\/uploads\/2025\/09\/icon39.svg);\"><h5>Alertes aliment\u00e9es par l'IA - Automatiques et instantan\u00e9es<\/h5><\/span><p>Des donn\u00e9es critiques au moment o\u00f9 elles comptent le plus. Les algorithmes exclusifs de Wearin d\u00e9tectent les \u00e9v\u00e9nements SOS, Man Down et Pursuit en temps r\u00e9el, d\u00e9clenchant instantan\u00e9ment le streaming vid\u00e9o et la g\u00e9olocalisation en direct - pas de d\u00e9lais. Pas d'h\u00e9sitation. Juste une clart\u00e9 instantan\u00e9e.<\/p><\/button><\/li><li class=\"nav-item\" role=\"presentation\"><button class=\"nav-link\" id=\"featsy-tab4\" data-bs-toggle=\"tab\" data-bs-target=\"#featsy4\" type=\"button\" role=\"tab\" aria-controls=\"featsy4\" aria-selected=\"false\"><span class=\"head\" style=\"background-image:url(https:\/\/conex-5.hipdev.pro\/wp-content\/uploads\/2025\/09\/icon39.svg);\"><h5>Adapt\u00e9 \u00e0 vos besoins<\/h5><\/span><p>Une seule solution. D'innombrables configurations.  Du facteur de forme aux flux de donn\u00e9es, Wearin' s'adapte \u00e0 vos agents, \u00e0 vos v\u00e9hicules et \u00e0 vos flux de travail. L'ergonomie et la facilit\u00e9 d'utilisation sont au premier plan, et non pas apr\u00e8s coup. Adapt\u00e9 \u00e0 votre r\u00e9alit\u00e9.<\/p><\/button><\/li><\/ul>            <\/div>\r\n            <div class=\"col-lg-7\">\r\n                <div class=\"tab-content\" id=\"featsTabContent\"><div class=\"tab-pane fade show active\" id=\"featsy1\" role=\"tabpanel\" aria-labelledby=\"featsy-tab1\"><div class=\"image\" style=\"background-image:url(https:\/\/conex-5.hipdev.pro\/wp-content\/uploads\/2025\/08\/image31.webp);\"><\/div><\/div><div class=\"tab-pane fade\" id=\"featsy2\" role=\"tabpanel\" aria-labelledby=\"featsy-tab2\"><div class=\"image\" style=\"background-image:url(https:\/\/conex-5.hipdev.pro\/wp-content\/uploads\/2025\/08\/image31.webp);\"><\/div><\/div><div class=\"tab-pane fade\" id=\"featsy3\" role=\"tabpanel\" aria-labelledby=\"featsy-tab3\"><div class=\"image\" style=\"background-image:url(https:\/\/conex-5.hipdev.pro\/wp-content\/uploads\/2025\/08\/image31.webp);\"><\/div><\/div><div class=\"tab-pane fade\" id=\"featsy4\" role=\"tabpanel\" aria-labelledby=\"featsy-tab4\"><div class=\"image\" style=\"background-image:url(https:\/\/conex-5.hipdev.pro\/wp-content\/uploads\/2025\/08\/image31.webp);\"><\/div><\/div><\/div>            <\/div>\r\n        <\/div>\r\n    <\/div>\r\n<\/section>\n\n<section class=\"stories-section\" id=\"\">\r\n    <div class=\"container\">\r\n        <div class=\"row\">\r\n            <div class=\"col-lg-12\">\r\n                <div class=\"section-title\"><h2>POLICE MUNICIPALE D'AUBAGNE<\/h2><\/div>            <\/div>\r\n        <\/div>\r\n        <div class=\"row\">\r\n            <div class=\"col-lg-4 spacer\"><div class=\"box\"><a href=\"#\" target=\"_blank\"><div class=\"image\" style=\"background-image:url(https:\/\/conex-5.hipdev.pro\/wp-content\/uploads\/2025\/08\/image26.webp);\"><\/div><h4>Quantit\u00e9<\/h4><p>Lorem ipsum dolor sit amet consectetur. Sagittis eget amet pharetra aenean consequat volutpat.<\/p><\/a><\/div><\/div><div class=\"col-lg-4 spacer\"><div class=\"box\"><a href=\"#\" target=\"_blank\"><div class=\"image\" style=\"background-image:url(https:\/\/conex-5.hipdev.pro\/wp-content\/uploads\/2025\/08\/image27.webp);\"><\/div><h4>Configuration<\/h4><p>Lorem ipsum dolor sit amet consectetur. Sagittis eget amet pharetra aenean consequat volutpat.<\/p><\/a><\/div><\/div><div class=\"col-lg-4 spacer\"><div class=\"box\"><a href=\"#\" target=\"_blank\"><div class=\"image\" style=\"background-image:url(https:\/\/conex-5.hipdev.pro\/wp-content\/uploads\/2025\/08\/image28.webp);\"><\/div><h4>Utilisation et avantages<\/h4><p>Lorem ipsum dolor sit amet consectetur. Sagittis eget amet pharetra aenean consequat volutpat.<\/p><\/a><\/div><\/div>        <\/div>\r\n    <\/div>\r\n<\/section>","protected":false},"excerpt":{"rendered":"","protected":false},"author":1,"featured_media":0,"parent":0,"menu_order":0,"comment_status":"closed","ping_status":"closed","template":"","meta":{"_acf_changed":false,"inline_featured_image":false,"footnotes":""},"class_list":["post-635","page","type-page","status-publish","hentry"],"acf":[],"_links":{"self":[{"href":"https:\/\/conex-5.hipdev.pro\/fr\/wp-json\/wp\/v2\/pages\/635","targetHints":{"allow":["GET"]}}],"collection":[{"href":"https:\/\/conex-5.hipdev.pro\/fr\/wp-json\/wp\/v2\/pages"}],"about":[{"href":"https:\/\/conex-5.hipdev.pro\/fr\/wp-json\/wp\/v2\/types\/page"}],"author":[{"embeddable":true,"href":"https:\/\/conex-5.hipdev.pro\/fr\/wp-json\/wp\/v2\/users\/1"}],"replies":[{"embeddable":true,"href":"https:\/\/conex-5.hipdev.pro\/fr\/wp-json\/wp\/v2\/comments?post=635"}],"version-history":[{"count":0,"href":"https:\/\/conex-5.hipdev.pro\/fr\/wp-json\/wp\/v2\/pages\/635\/revisions"}],"wp:attachment":[{"href":"https:\/\/conex-5.hipdev.pro\/fr\/wp-json\/wp\/v2\/media?parent=635"}],"curies":[{"name":"wp","href":"https:\/\/api.w.org\/{rel}","templated":true}]}}