{"id":525,"date":"2025-09-02T13:35:47","date_gmt":"2025-09-02T13:35:47","guid":{"rendered":"https:\/\/conex-5.hipdev.pro\/?page_id=525"},"modified":"2025-09-02T15:38:03","modified_gmt":"2025-09-02T15:38:03","slug":"news-listing","status":"publish","type":"page","link":"https:\/\/conex-5.hipdev.pro\/fr\/news-listing\/","title":{"rendered":"News Listing"},"content":{"rendered":"<section class=\"blog-hero-section\" style=\"background-image:url(https:\/\/conex-5.hipdev.pro\/wp-content\/uploads\/2025\/09\/image59-scaled.webp);\">\r\n    <div class=\"container\">\r\n        <div class=\"row half-height align-items-end\">\r\n            <div class=\"col-12\">\r\n                <div class=\"section-title\">\r\n                    <h1>NOUVELLES ET BLOG<\/h1>                <\/div>\r\n            <\/div>\r\n        <\/div>\r\n    <\/div>\r\n<\/section>\r\n<section class=\"blog-section\">\r\n    <div class=\"container\">\r\n        <div class=\"row\">\r\n            <div class=\"col-lg-6\">\r\n                <div class=\"search-block\">\r\n                    <form id='wpes-form-542' role=\"search\" method=\"get\" class=\"search-form\" action=\"https:\/\/conex-5.hipdev.pro\/fr\/\" data-trp-original-action=\"https:\/\/conex-5.hipdev.pro\/fr\/\">\n\t\t<label>\n\t\t    <span class=\"screen-reader-text\">Rechercher\u00a0:<\/span>\n\t\t    <input type=\"search\" class=\"search-field\" placeholder=\"Recherche ...\" value=\"\" name=\"s\" \/>\n\t\t<\/label>\n\t\t<input type=\"submit\" class=\"search-submit\" value=\"Recherche\" \/><input type='hidden' value='542' name='wpessid' \/><input type=\"hidden\" name=\"trp-form-language\" value=\"fr\"\/><\/form>                <\/div>\r\n            <\/div>\r\n            <div class=\"col-lg-6\">\r\n                <div class=\"center-filters\">\r\n                    <form action=\"https:\/\/conex-5.hipdev.pro\/wp-admin\/admin-ajax.php\" enctype=\"multipart\/form-data\" method=\"POST\" id=\"mainfilter\">\r\n                        <ul class=\"main-cat-list\"><li><input type=\"radio\" value=\"allofthem\" name=\"taxo\" id=\"rad0\"><label for=\"rad0\">Tous<\/label><\/li><li><input type=\"radio\" value=\"blog\" name=\"taxo\" id=\"rad1\"><label for=\"rad1\">Blog<\/label><\/li><li><input type=\"radio\" value=\"news\" name=\"taxo\" id=\"rad2\"><label for=\"rad2\">Actualit\u00e9s<\/label><\/li><\/ul>                        <button id=\"mainbutton\">Appliquer le filtre<\/button>\r\n                        <input type=\"hidden\" name=\"action\" value=\"mainfilter\">\r\n                    <\/form>\r\n                <\/div>\r\n            <\/div>\r\n        <\/div>\r\n        <div class=\"row\" id=\"results\">\r\n            <div class=\"col-lg-4 spacer news-container news-item\" style=\"display: none;\"><a href=\"https:\/\/conex-5.hipdev.pro\/fr\/disaster-management-wearins-solution-at-the-heart-of-the-european-synergise-project\/\"><div class=\"post-box\"><div class=\"post-img\" style=\"background-image: url(https:\/\/conex-5.hipdev.pro\/wp-content\/uploads\/2026\/01\/IMG_9045-sacsa\u2310sa\u00bfsaesai-scaled-1-e1765802229399.webp);\"><\/div><div class=\"post-body\"><span>9 janvier 2026<\/span><h4>Gestion des catastrophes : la solution Wearin au c\u0153ur du projet europ\u00e9en SYNERGISE<\/h4><p>Le projet europ\u00e9en SYNERGISE, auquel la startup vaudoise Wearin\u2019 participe en tant que seule entreprise suisse, entre maintenant dans une nouvelle phase \u00e0 Wangen an der Aare (BE) avec son quatri\u00e8me essai sur le terrain.<\/p><\/div><\/div><\/a><\/div><div class=\"col-lg-4 spacer news-container news-item\" style=\"display: none;\"><a href=\"https:\/\/conex-5.hipdev.pro\/fr\/lone-workers-ensure-their-safety-with-the-ultra-reliable-iot-fall-detection-and-alert-solution-of-wearin\/\"><div class=\"post-box\"><div class=\"post-img\" style=\"background-image: url(https:\/\/conex-5.hipdev.pro\/wp-content\/uploads\/2025\/10\/foresight_4-e1761055398471.webp);\"><\/div><div class=\"post-body\"><span>9 janvier 2026<\/span><h4>Les travailleurs isol\u00e9s assurent leur s\u00e9curit\u00e9 gr\u00e2ce \u00e0 la solution de d\u00e9tection de chute et d'alerte IoT ultra-fiable de Wearin\u2019.\u2019<\/h4><p>Lorem ipsum dolor sit amet consectetur. At neque gravida sed dui.\n<\/p><\/div><\/div><\/a><\/div><div class=\"col-lg-4 spacer news-container news-item\" style=\"display: none;\"><a href=\"https:\/\/conex-5.hipdev.pro\/fr\/lorem-ipsum-dolor-sit-amet-consectetur-at-neque-gravida-sed-dui-10\/\"><div class=\"post-box\"><div class=\"post-img\" style=\"background-image: url(https:\/\/conex-5.hipdev.pro\/wp-content\/uploads\/2025\/09\/image46.webp);\"><\/div><div class=\"post-body\"><span>02 septembre 2025<\/span><h4>Lorem ipsum dolor sit amet consectetur. At neque gravida sed dui. #10<\/h4><p>Lorem ipsum dolor sit amet consectetur. At neque gravida sed dui.<\/p><\/div><\/div><\/a><\/div><div class=\"col-lg-4 spacer news-container news-item\" style=\"display: none;\"><a href=\"https:\/\/conex-5.hipdev.pro\/fr\/lorem-ipsum-dolor-sit-amet-consectetur-at-neque-gravida-sed-dui-9\/\"><div class=\"post-box\"><div class=\"post-img\" style=\"background-image: url(https:\/\/conex-5.hipdev.pro\/wp-content\/uploads\/2025\/09\/image58.webp);\"><\/div><div class=\"post-body\"><span>02 septembre 2025<\/span><h4>Lorem ipsum dolor sit amet consectetur. At neque gravida sed dui. #9<\/h4><p>Lorem ipsum dolor sit amet consectetur. At neque gravida sed dui.<\/p><\/div><\/div><\/a><\/div><div class=\"col-lg-4 spacer news-container news-item\" style=\"display: none;\"><a href=\"https:\/\/conex-5.hipdev.pro\/fr\/lorem-ipsum-dolor-sit-amet-consectetur-at-neque-gravida-sed-dui-8\/\"><div class=\"post-box\"><div class=\"post-img\" style=\"background-image: url(https:\/\/conex-5.hipdev.pro\/wp-content\/uploads\/2025\/09\/image57.webp);\"><\/div><div class=\"post-body\"><span>02 septembre 2025<\/span><h4>Lorem ipsum dolor sit amet consectetur. At neque gravida sed dui. #8<\/h4><p>Lorem ipsum dolor sit amet consectetur. At neque gravida sed dui.<\/p><\/div><\/div><\/a><\/div><div class=\"col-lg-4 spacer news-container news-item\" style=\"display: none;\"><a href=\"https:\/\/conex-5.hipdev.pro\/fr\/lorem-ipsum-dolor-sit-amet-consectetur-at-neque-gravida-sed-dui-7\/\"><div class=\"post-box\"><div class=\"post-img\" style=\"background-image: url(https:\/\/conex-5.hipdev.pro\/wp-content\/uploads\/2025\/09\/image56.webp);\"><\/div><div class=\"post-body\"><span>02 septembre 2025<\/span><h4>Lorem ipsum dolor sit amet consectetur. At neque gravida sed dui. #7<\/h4><p>Lorem ipsum dolor sit amet consectetur. At neque gravida sed dui.<\/p><\/div><\/div><\/a><\/div><div class=\"col-lg-4 spacer news-container news-item\" style=\"display: none;\"><a href=\"https:\/\/conex-5.hipdev.pro\/fr\/lorem-ipsum-dolor-sit-amet-consectetur-at-neque-gravida-sed-dui-6\/\"><div class=\"post-box\"><div class=\"post-img\" style=\"background-image: url(https:\/\/conex-5.hipdev.pro\/wp-content\/uploads\/2025\/09\/image55.webp);\"><\/div><div class=\"post-body\"><span>02 septembre 2025<\/span><h4>Lorem ipsum dolor sit amet consectetur. At neque gravida sed dui. #6<\/h4><p>Lorem ipsum dolor sit amet consectetur. At neque gravida sed dui.<\/p><\/div><\/div><\/a><\/div><div class=\"col-lg-4 spacer news-container news-item\" style=\"display: none;\"><a href=\"https:\/\/conex-5.hipdev.pro\/fr\/lorem-ipsum-dolor-sit-amet-consectetur-at-neque-gravida-sed-dui-5\/\"><div class=\"post-box\"><div class=\"post-img\" style=\"background-image: url(https:\/\/conex-5.hipdev.pro\/wp-content\/uploads\/2025\/09\/image54.webp);\"><\/div><div class=\"post-body\"><span>02 septembre 2025<\/span><h4>Lorem ipsum dolor sit amet consectetur. At neque gravida sed dui. #5<\/h4><p>Lorem ipsum dolor sit amet consectetur. At neque gravida sed dui.<\/p><\/div><\/div><\/a><\/div><div class=\"col-lg-4 spacer news-container news-item\" style=\"display: none;\"><a href=\"https:\/\/conex-5.hipdev.pro\/fr\/lorem-ipsum-dolor-sit-amet-consectetur-at-neque-gravida-sed-dui-4\/\"><div class=\"post-box\"><div class=\"post-img\" style=\"background-image: url(https:\/\/conex-5.hipdev.pro\/wp-content\/uploads\/2025\/09\/image53.webp);\"><\/div><div class=\"post-body\"><span>02 septembre 2025<\/span><h4>Lorem ipsum dolor sit amet consectetur. At neque gravida sed dui. #4<\/h4><p>Lorem ipsum dolor sit amet consectetur. At neque gravida sed dui.<\/p><\/div><\/div><\/a><\/div><div class=\"col-lg-4 spacer news-container news-item\" style=\"display: none;\"><a href=\"https:\/\/conex-5.hipdev.pro\/fr\/lorem-ipsum-dolor-sit-amet-consectetur-at-neque-gravida-sed-dui-3\/\"><div class=\"post-box\"><div class=\"post-img\" style=\"background-image: url(https:\/\/conex-5.hipdev.pro\/wp-content\/uploads\/2025\/09\/image52.webp);\"><\/div><div class=\"post-body\"><span>02 septembre 2025<\/span><h4>Lorem ipsum dolor sit amet consectetur. At neque gravida sed dui. #3<\/h4><p>Lorem ipsum dolor sit amet consectetur. At neque gravida sed dui.<\/p><\/div><\/div><\/a><\/div><div class=\"col-lg-4 spacer news-container news-item\" style=\"display: none;\"><a href=\"https:\/\/conex-5.hipdev.pro\/fr\/lorem-ipsum-dolor-sit-amet-consectetur-at-neque-gravida-sed-dui-2\/\"><div class=\"post-box\"><div class=\"post-img\" style=\"background-image: url(https:\/\/conex-5.hipdev.pro\/wp-content\/uploads\/2025\/09\/image51.webp);\"><\/div><div class=\"post-body\"><span>02 septembre 2025<\/span><h4>Lorem ipsum dolor sit amet consectetur. At neque gravida sed dui. #2<\/h4><p>Lorem ipsum dolor sit amet consectetur. At neque gravida sed dui.<\/p><\/div><\/div><\/a><\/div><div class=\"col-lg-4 spacer news-container news-item\" style=\"display: none;\"><a href=\"https:\/\/conex-5.hipdev.pro\/fr\/lorem-ipsum-dolor-sit-amet-consectetur-at-neque-gravida-sed-dui\/\"><div class=\"post-box\"><div class=\"post-img\" style=\"background-image: url(https:\/\/conex-5.hipdev.pro\/wp-content\/uploads\/2025\/09\/image46.webp);\"><\/div><div class=\"post-body\"><span>02 septembre 2025<\/span><h4>Lorem ipsum dolor sit amet consectetur. At neque gravida sed dui.<\/h4><p>Lorem ipsum dolor sit amet consectetur. At neque gravida sed dui.<\/p><\/div><\/div><\/a><\/div>            <div class=\"col-12\">\r\n                <div class=\"button-block\">\r\n                    <button class=\"c-btn light-btn\" id=\"loadNews\">En savoir plus<\/button>\r\n                <\/div>\r\n            <\/div>\r\n        <\/div>\r\n    <\/div>\r\n<\/section>","protected":false},"excerpt":{"rendered":"","protected":false},"author":1,"featured_media":0,"parent":0,"menu_order":0,"comment_status":"closed","ping_status":"closed","template":"","meta":{"_acf_changed":false,"inline_featured_image":false,"footnotes":""},"class_list":["post-525","page","type-page","status-publish","hentry"],"acf":[],"_links":{"self":[{"href":"https:\/\/conex-5.hipdev.pro\/fr\/wp-json\/wp\/v2\/pages\/525","targetHints":{"allow":["GET"]}}],"collection":[{"href":"https:\/\/conex-5.hipdev.pro\/fr\/wp-json\/wp\/v2\/pages"}],"about":[{"href":"https:\/\/conex-5.hipdev.pro\/fr\/wp-json\/wp\/v2\/types\/page"}],"author":[{"embeddable":true,"href":"https:\/\/conex-5.hipdev.pro\/fr\/wp-json\/wp\/v2\/users\/1"}],"replies":[{"embeddable":true,"href":"https:\/\/conex-5.hipdev.pro\/fr\/wp-json\/wp\/v2\/comments?post=525"}],"version-history":[{"count":0,"href":"https:\/\/conex-5.hipdev.pro\/fr\/wp-json\/wp\/v2\/pages\/525\/revisions"}],"wp:attachment":[{"href":"https:\/\/conex-5.hipdev.pro\/fr\/wp-json\/wp\/v2\/media?parent=525"}],"curies":[{"name":"wp","href":"https:\/\/api.w.org\/{rel}","templated":true}]}}