{"id":463,"date":"2025-09-01T19:57:38","date_gmt":"2025-09-01T19:57:38","guid":{"rendered":"https:\/\/conex-5.hipdev.pro\/?page_id=463"},"modified":"2025-09-01T20:34:11","modified_gmt":"2025-09-01T20:34:11","slug":"about-us","status":"publish","type":"page","link":"https:\/\/conex-5.hipdev.pro\/fr\/about-us\/","title":{"rendered":"\u00c0 propos de nous"},"content":{"rendered":"<section class=\"about-hero-section\" style=\"background-image: url(https:\/\/conex-5.hipdev.pro\/wp-content\/uploads\/2025\/09\/image45-scaled.webp);\">\r\n    <div class=\"container\">\r\n        <div class=\"row align-items-end half-height\">\r\n            <div class=\"col-lg-10\">\r\n                <div class=\"section-title\"><h6>A propos de nous<\/h6><h1>LA TECHNOLOGIE DE L'HOMME CONNECT\u00c9 POUR PROT\u00c9GER LES VIES HUMAINES<\/h1><h4>Wearin' vise \u00e0 connecter et \u00e0 prot\u00e9ger les personnes dans des situations \u00e0 haut risque gr\u00e2ce \u00e0 des solutions IoT intelligentes qui rendent les missions plus s\u00fbres et plus intelligentes.<\/h4>\n<p>Nous pensons que la technologie IoT est l'avenir des m\u00e9thodes de travail plus s\u00fbres et plus intelligentes, en particulier dans les environnements complexes et \u00e0 haut risque. C'est pourquoi notre plateforme se concentre sur la connexion des humains, en mettant en relation les personnes \u00e0 risque avec les personnes et la technologie qui peuvent les aider \u00e0 les prot\u00e9ger.<\/p>\n<p>Des premiers intervenants aux agents de s\u00e9curit\u00e9, en passant par les pompiers et les civils, nous voyons les humains derri\u00e8re la technologie et nous nous effor\u00e7ons de les prot\u00e9ger, eux et leurs donn\u00e9es.<\/p>\n<p>Wearin' travaille avec un r\u00e9seau mondial de partenaires pour briser les silos de produits, relier les points et offrir une solution de bout en bout pour une gamme d'applications.<\/p>\n<a class=\"c-btn dark-btn\" href=\"#\" target=\"_self\">Suivre les \u00c9tats-Unis<\/a><\/div>            <\/div>\r\n        <\/div>\r\n    <\/div>\r\n<\/section>\n\n<section class=\"content-1-section\" id=\"\">\r\n    <div class=\"container\">\r\n        <div class=\"row align-items-center\">\r\n            <div class=\"col-lg-6\">\r\n                <div class=\"text-block\"><h2>R\u00c9IMAGINER LA CONNECTIVIT\u00c9, <blue>ENSEMBLE.<\/blue><\/h2><p>Fond\u00e9e en 2019, Wearin' fait partie du groupe suisse Conextivity Group, un groupe technologique mondial offrant des solutions de connectivit\u00e9 haute performance qui g\u00e8rent les flux d'\u00e9nergie et de donn\u00e9es de mani\u00e8re transparente depuis les capteurs et les appareils jusqu'au cloud. Avec plus de 700 employ\u00e9s dans le monde, un centre de R&amp;D du groupe situ\u00e9 en Suisse et soutenu par des hubs r\u00e9gionaux, trois principaux sites de fabrication et un r\u00e9seau de partenaires, deux activit\u00e9s commerciales (Wearin' et Fischer Connectors), Conextivity Group vise \u00e0 r\u00e9imaginer la connectivit\u00e9, permettant l'\u00e9mergence d'\u00e9cosyst\u00e8mes nouveaux et \u00e9volutifs.<\/p>\n<a class=\"c-btn dark-btn\" href=\"#\" target=\"_self\">En savoir plus<\/a><\/div>            <\/div>\r\n            <div class=\"col-lg-6\">\r\n                <div class=\"image-block\"><img decoding=\"async\" src=\"https:\/\/conex-5.hipdev.pro\/wp-content\/uploads\/2025\/09\/image36.svg\" alt=\"\" \/><\/div>            <\/div>\r\n        <\/div>\r\n    <\/div>\r\n<\/section>\n\n<section class=\"content-3-section\" id=\"\">\r\n    <div class=\"container\">\r\n        <div class=\"row align-items-center\">\r\n            <div class=\"col-lg-6\">\r\n                <div class=\"text-block\"><h2>NOTRE GOUVERNANCE<\/h2><p>En tant qu'entreprise familiale cr\u00e9atrice de valeur, nous accordons une grande importance \u00e0 une bonne gestion d'entreprise dans l'esprit d'une gouvernance d'entreprise responsable. <\/p>\n<a class=\"c-btn dark-btn\" href=\"#\" target=\"_self\">En savoir plus<\/a><\/div>            <\/div>\r\n        <\/div>\r\n    <\/div>\r\n<\/section>","protected":false},"excerpt":{"rendered":"","protected":false},"author":1,"featured_media":0,"parent":0,"menu_order":0,"comment_status":"closed","ping_status":"closed","template":"","meta":{"_acf_changed":false,"inline_featured_image":false,"footnotes":""},"class_list":["post-463","page","type-page","status-publish","hentry"],"acf":[],"_links":{"self":[{"href":"https:\/\/conex-5.hipdev.pro\/fr\/wp-json\/wp\/v2\/pages\/463","targetHints":{"allow":["GET"]}}],"collection":[{"href":"https:\/\/conex-5.hipdev.pro\/fr\/wp-json\/wp\/v2\/pages"}],"about":[{"href":"https:\/\/conex-5.hipdev.pro\/fr\/wp-json\/wp\/v2\/types\/page"}],"author":[{"embeddable":true,"href":"https:\/\/conex-5.hipdev.pro\/fr\/wp-json\/wp\/v2\/users\/1"}],"replies":[{"embeddable":true,"href":"https:\/\/conex-5.hipdev.pro\/fr\/wp-json\/wp\/v2\/comments?post=463"}],"version-history":[{"count":0,"href":"https:\/\/conex-5.hipdev.pro\/fr\/wp-json\/wp\/v2\/pages\/463\/revisions"}],"wp:attachment":[{"href":"https:\/\/conex-5.hipdev.pro\/fr\/wp-json\/wp\/v2\/media?parent=463"}],"curies":[{"name":"wp","href":"https:\/\/api.w.org\/{rel}","templated":true}]}}