{"id":407,"date":"2025-09-01T18:26:03","date_gmt":"2025-09-01T18:26:03","guid":{"rendered":"https:\/\/conex-5.hipdev.pro\/?page_id=407"},"modified":"2025-09-01T19:51:38","modified_gmt":"2025-09-01T19:51:38","slug":"people","status":"publish","type":"page","link":"https:\/\/conex-5.hipdev.pro\/fr\/people\/","title":{"rendered":"Les personnes"},"content":{"rendered":"<section class=\"page-hero2-section\" style=\"background-image: url(https:\/\/conex-5.hipdev.pro\/wp-content\/uploads\/2025\/09\/image44-scaled.webp);\">\r\n    <div class=\"container\">\r\n        <div class=\"row align-items-end half-height\">\r\n            <div class=\"col-lg-10\">\r\n                <div class=\"section-title\"><h6>Les personnes<\/h6><h1>Les humains connect\u00e9s sont des humains prot\u00e9g\u00e9s.<\/h1><p>Nous croyons que la technologie humano-connect\u00e9e est l'avenir de m\u00e9thodes de travail plus s\u00fbres et plus intelligentes. C'est pourquoi Wearin\u2019 vise \u00e0 connecter les personnes \u00e0 risque avec les personnes et les technologies qui les aident \u00e0 se prot\u00e9ger.<\/p><\/div>            <\/div>\r\n        <\/div>\r\n    <\/div>\r\n<\/section>\n\n<section class=\"team-section dark\" id=\"\">\r\n    <div class=\"container\">\r\n        <div class=\"row\"><div class=\"col-12\"><div class=\"section-title\"><h2>RENCONTREZ LES HUMAINS DERRI\u00c8RE <blue>PORTANT\u2019<\/blue><\/h2><\/div><\/div><\/div>        <div class=\"row\">\r\n            <div class=\"col-lg-3 col-md-6 spacer\"><div class=\"team-box\" style=\"background-image:url(https:\/\/conex-5.hipdev.pro\/wp-content\/uploads\/2025\/09\/team01.webp);\"><div class=\"text\"><h4>Adri\u00e0<\/h4><h5>CO-fondateur<\/h5><a class=\"link\" href=\"#\" target=\"_blank\"><\/a><\/div><\/div><\/div><div class=\"col-lg-3 col-md-6 spacer\"><div class=\"team-box\" style=\"background-image:url(https:\/\/conex-5.hipdev.pro\/wp-content\/uploads\/2025\/09\/team02.webp);\"><div class=\"text\"><h4>Alain<\/h4><h5>CO-fondateur<\/h5><a class=\"link\" href=\"#\" target=\"_blank\"><\/a><\/div><\/div><\/div><div class=\"col-lg-3 col-md-6 spacer\"><div class=\"team-box\" style=\"background-image:url(https:\/\/conex-5.hipdev.pro\/wp-content\/uploads\/2025\/09\/team03.webp);\"><div class=\"text\"><h4>Alvaro<\/h4><h5>CO-fondateur<\/h5><a class=\"link\" href=\"#\" target=\"_blank\"><\/a><\/div><\/div><\/div><div class=\"col-lg-3 col-md-6 spacer\"><div class=\"team-box\" style=\"background-image:url(https:\/\/conex-5.hipdev.pro\/wp-content\/uploads\/2025\/09\/team04.webp);\"><div class=\"text\"><h4>Arnaud<\/h4><h5>CO-fondateur<\/h5><a class=\"link\" href=\"#\" target=\"_blank\"><\/a><\/div><\/div><\/div><div class=\"col-lg-3 col-md-6 spacer\"><div class=\"team-box\" style=\"background-image:url(https:\/\/conex-5.hipdev.pro\/wp-content\/uploads\/2025\/09\/team05.webp);\"><div class=\"text\"><h4>Aur\u00e9lie<\/h4><h5>CO-fondateur<\/h5><a class=\"link\" href=\"#\" target=\"_blank\"><\/a><\/div><\/div><\/div><div class=\"col-lg-3 col-md-6 spacer\"><div class=\"team-box\" style=\"background-image:url(https:\/\/conex-5.hipdev.pro\/wp-content\/uploads\/2025\/09\/team06.webp);\"><div class=\"text\"><h4>Bastien<\/h4><h5>CO-fondateur<\/h5><a class=\"link\" href=\"#\" target=\"_blank\"><\/a><\/div><\/div><\/div><div class=\"col-lg-3 col-md-6 spacer\"><div class=\"team-box\" style=\"background-image:url(https:\/\/conex-5.hipdev.pro\/wp-content\/uploads\/2025\/09\/team07.webp);\"><div class=\"text\"><h4>Bruna<\/h4><h5>CO-fondateur<\/h5><a class=\"link\" href=\"#\" target=\"_blank\"><\/a><\/div><\/div><\/div><div class=\"col-lg-3 col-md-6 spacer\"><div class=\"team-box\" style=\"background-image:url(https:\/\/conex-5.hipdev.pro\/wp-content\/uploads\/2025\/09\/team08.webp);\"><div class=\"text\"><h4>Caroline<\/h4><h5>CO-fondateur<\/h5><a class=\"link\" href=\"#\" target=\"_blank\"><\/a><\/div><\/div><\/div>        <\/div>\r\n    <\/div>\r\n<\/section>\n\n<section class=\"team-section light\" id=\"\">\r\n    <div class=\"container\">\r\n                <div class=\"row\">\r\n            <div class=\"col-lg-3 col-md-6 spacer\"><div class=\"team-box\" style=\"background-image:url(https:\/\/conex-5.hipdev.pro\/wp-content\/uploads\/2025\/09\/team09.webp);\"><div class=\"text\"><h4>Caroline<\/h4><h5>CO-fondateur<\/h5><a class=\"link\" href=\"#\" target=\"_blank\"><\/a><\/div><\/div><\/div><div class=\"col-lg-3 col-md-6 spacer\"><div class=\"team-box\" style=\"background-image:url(https:\/\/conex-5.hipdev.pro\/wp-content\/uploads\/2025\/09\/team10.webp);\"><div class=\"text\"><h4>Chlo\u00e9<\/h4><h5>CO-fondateur<\/h5><a class=\"link\" href=\"#\" target=\"_blank\"><\/a><\/div><\/div><\/div><div class=\"col-lg-3 col-md-6 spacer\"><div class=\"team-box\" style=\"background-image:url(https:\/\/conex-5.hipdev.pro\/wp-content\/uploads\/2025\/09\/team11.webp);\"><div class=\"text\"><h4>Diogo Ca.<\/h4><h5>CO-fondateur<\/h5><a class=\"link\" href=\"#\" target=\"_blank\"><\/a><\/div><\/div><\/div><div class=\"col-lg-3 col-md-6 spacer\"><div class=\"team-box\" style=\"background-image:url(https:\/\/conex-5.hipdev.pro\/wp-content\/uploads\/2025\/09\/team12.webp);\"><div class=\"text\"><h4>Diogo Co.<\/h4><h5>CO-fondateur<\/h5><a class=\"link\" href=\"#\" target=\"_blank\"><\/a><\/div><\/div><\/div><div class=\"col-lg-3 col-md-6 spacer\"><div class=\"team-box\" style=\"background-image:url(https:\/\/conex-5.hipdev.pro\/wp-content\/uploads\/2025\/09\/team13.webp);\"><div class=\"text\"><h4>Edgar<\/h4><h5>CO-fondateur<\/h5><a class=\"link\" href=\"#\" target=\"_blank\"><\/a><\/div><\/div><\/div><div class=\"col-lg-3 col-md-6 spacer\"><div class=\"team-box\" style=\"background-image:url(https:\/\/conex-5.hipdev.pro\/wp-content\/uploads\/2025\/09\/team14.webp);\"><div class=\"text\"><h4>Estelle<\/h4><h5>CO-fondateur<\/h5><a class=\"link\" href=\"#\" target=\"_blank\"><\/a><\/div><\/div><\/div><div class=\"col-lg-3 col-md-6 spacer\"><div class=\"team-box\" style=\"background-image:url(https:\/\/conex-5.hipdev.pro\/wp-content\/uploads\/2025\/09\/team15.webp);\"><div class=\"text\"><h4>Fran\u00e7ois<\/h4><h5>CO-fondateur<\/h5><a class=\"link\" href=\"#\" target=\"_blank\"><\/a><\/div><\/div><\/div><div class=\"col-lg-3 col-md-6 spacer\"><div class=\"team-box\" style=\"background-image:url(https:\/\/conex-5.hipdev.pro\/wp-content\/uploads\/2025\/09\/tema16.webp);\"><div class=\"text\"><h4>Ivan<\/h4><h5>CO-fondateur<\/h5><a class=\"link\" href=\"#\" target=\"_blank\"><\/a><\/div><\/div><\/div>        <\/div>\r\n    <\/div>\r\n<\/section>\n\n<section class=\"team-section dark\" id=\"\">\r\n    <div class=\"container\">\r\n                <div class=\"row\">\r\n            <div class=\"col-lg-3 col-md-6 spacer\"><div class=\"team-box\" style=\"background-image:url(https:\/\/conex-5.hipdev.pro\/wp-content\/uploads\/2025\/09\/team17.webp);\"><div class=\"text\"><h4>Jean-Michel<\/h4><h5>CO-fondateur<\/h5><a class=\"link\" href=\"#\" target=\"_blank\"><\/a><\/div><\/div><\/div><div class=\"col-lg-3 col-md-6 spacer\"><div class=\"team-box\" style=\"background-image:url(https:\/\/conex-5.hipdev.pro\/wp-content\/uploads\/2025\/09\/team18.webp);\"><div class=\"text\"><h4>Jill-Kelly<\/h4><h5>CO-fondateur<\/h5><a class=\"link\" href=\"#\" target=\"_blank\"><\/a><\/div><\/div><\/div><div class=\"col-lg-3 col-md-6 spacer\"><div class=\"team-box\" style=\"background-image:url(https:\/\/conex-5.hipdev.pro\/wp-content\/uploads\/2025\/09\/team19.webp);\"><div class=\"text\"><h4>Jonathan B.<\/h4><h5>CO-fondateur<\/h5><a class=\"link\" href=\"#\" target=\"_blank\"><\/a><\/div><\/div><\/div><div class=\"col-lg-3 col-md-6 spacer\"><div class=\"team-box\" style=\"background-image:url(https:\/\/conex-5.hipdev.pro\/wp-content\/uploads\/2025\/09\/team20.webp);\"><div class=\"text\"><h4>Jonathan F.<\/h4><h5>CO-fondateur<\/h5><a class=\"link\" href=\"#\" target=\"_blank\"><\/a><\/div><\/div><\/div><div class=\"col-lg-3 col-md-6 spacer\"><div class=\"team-box\" style=\"background-image:url(https:\/\/conex-5.hipdev.pro\/wp-content\/uploads\/2025\/09\/team21.webp);\"><div class=\"text\"><h4>Lien<\/h4><h5>CO-fondateur<\/h5><a class=\"link\" href=\"#\" target=\"_blank\"><\/a><\/div><\/div><\/div><div class=\"col-lg-3 col-md-6 spacer\"><div class=\"team-box\" style=\"background-image:url(https:\/\/conex-5.hipdev.pro\/wp-content\/uploads\/2025\/09\/team22.webp);\"><div class=\"text\"><h4>Luc<\/h4><h5>CO-fondateur<\/h5><a class=\"link\" href=\"#\" target=\"_blank\"><\/a><\/div><\/div><\/div><div class=\"col-lg-3 col-md-6 spacer\"><div class=\"team-box\" style=\"background-image:url(https:\/\/conex-5.hipdev.pro\/wp-content\/uploads\/2025\/09\/team23.webp);\"><div class=\"text\"><h4>M\u00e1rcio<\/h4><h5>CO-fondateur<\/h5><a class=\"link\" href=\"#\" target=\"_blank\"><\/a><\/div><\/div><\/div><div class=\"col-lg-3 col-md-6 spacer\"><div class=\"team-box\" style=\"background-image:url(https:\/\/conex-5.hipdev.pro\/wp-content\/uploads\/2025\/09\/team24.webp);\"><div class=\"text\"><h4>Marine<\/h4><h5>CO-fondateur<\/h5><a class=\"link\" href=\"#\" target=\"_blank\"><\/a><\/div><\/div><\/div>        <\/div>\r\n    <\/div>\r\n<\/section>\n\n<section class=\"team-section light\" id=\"\">\r\n    <div class=\"container\">\r\n                <div class=\"row\">\r\n            <div class=\"col-lg-3 col-md-6 spacer\"><div class=\"team-box\" style=\"background-image:url(https:\/\/conex-5.hipdev.pro\/wp-content\/uploads\/2025\/09\/team25.webp);\"><div class=\"text\"><h4>Numa<\/h4><\/div><\/div><\/div><div class=\"col-lg-3 col-md-6 spacer\"><div class=\"team-box\" style=\"background-image:url(https:\/\/conex-5.hipdev.pro\/wp-content\/uploads\/2025\/09\/team26.webp);\"><div class=\"text\"><h4>Phong<\/h4><\/div><\/div><\/div><div class=\"col-lg-3 col-md-6 spacer\"><div class=\"team-box\" style=\"background-image:url(https:\/\/conex-5.hipdev.pro\/wp-content\/uploads\/2025\/09\/team27.webp);\"><div class=\"text\"><h4>Sabrina<\/h4><\/div><\/div><\/div><div class=\"col-lg-3 col-md-6 spacer\"><div class=\"team-box\" style=\"background-image:url(https:\/\/conex-5.hipdev.pro\/wp-content\/uploads\/2025\/09\/team28.webp);\"><div class=\"text\"><h4>Simon<\/h4><\/div><\/div><\/div><div class=\"col-lg-3 col-md-6 spacer\"><div class=\"team-box\" style=\"background-image:url(https:\/\/conex-5.hipdev.pro\/wp-content\/uploads\/2025\/09\/team29.webp);\"><div class=\"text\"><h4>Tamas<\/h4><\/div><\/div><\/div><div class=\"col-lg-3 col-md-6 spacer\"><div class=\"team-box\" style=\"background-image:url(https:\/\/conex-5.hipdev.pro\/wp-content\/uploads\/2025\/09\/team30.webp);\"><div class=\"text\"><h4>Tomislav<\/h4><\/div><\/div><\/div><div class=\"col-lg-3 col-md-6 spacer\"><div class=\"team-box\" style=\"background-image:url(https:\/\/conex-5.hipdev.pro\/wp-content\/uploads\/2025\/09\/team31.webp);\"><div class=\"text\"><h4>Wojtek<\/h4><\/div><\/div><\/div><div class=\"col-lg-3 col-md-6 spacer\"><div class=\"team-box\" style=\"background-image:url(https:\/\/conex-5.hipdev.pro\/wp-content\/uploads\/2025\/09\/team32.webp);\"><div class=\"text\"><h4>Xavier<\/h4><\/div><\/div><\/div><div class=\"col-lg-3 col-md-6 spacer\"><div class=\"team-box\" style=\"background-image:url(https:\/\/conex-5.hipdev.pro\/wp-content\/uploads\/2025\/09\/team33.webp);\"><div class=\"text\"><h4>Yann<\/h4><\/div><\/div><\/div>        <\/div>\r\n    <\/div>\r\n<\/section>","protected":false},"excerpt":{"rendered":"","protected":false},"author":1,"featured_media":0,"parent":0,"menu_order":0,"comment_status":"closed","ping_status":"closed","template":"","meta":{"_acf_changed":false,"inline_featured_image":false,"footnotes":""},"class_list":["post-407","page","type-page","status-publish","hentry"],"acf":[],"_links":{"self":[{"href":"https:\/\/conex-5.hipdev.pro\/fr\/wp-json\/wp\/v2\/pages\/407","targetHints":{"allow":["GET"]}}],"collection":[{"href":"https:\/\/conex-5.hipdev.pro\/fr\/wp-json\/wp\/v2\/pages"}],"about":[{"href":"https:\/\/conex-5.hipdev.pro\/fr\/wp-json\/wp\/v2\/types\/page"}],"author":[{"embeddable":true,"href":"https:\/\/conex-5.hipdev.pro\/fr\/wp-json\/wp\/v2\/users\/1"}],"replies":[{"embeddable":true,"href":"https:\/\/conex-5.hipdev.pro\/fr\/wp-json\/wp\/v2\/comments?post=407"}],"version-history":[{"count":0,"href":"https:\/\/conex-5.hipdev.pro\/fr\/wp-json\/wp\/v2\/pages\/407\/revisions"}],"wp:attachment":[{"href":"https:\/\/conex-5.hipdev.pro\/fr\/wp-json\/wp\/v2\/media?parent=407"}],"curies":[{"name":"wp","href":"https:\/\/api.w.org\/{rel}","templated":true}]}}