{"id":356,"date":"2025-09-01T14:13:20","date_gmt":"2025-09-01T14:13:20","guid":{"rendered":"https:\/\/conex-5.hipdev.pro\/?page_id=356"},"modified":"2025-10-21T16:59:58","modified_gmt":"2025-10-21T16:59:58","slug":"partners","status":"publish","type":"page","link":"https:\/\/conex-5.hipdev.pro\/fr\/partners\/","title":{"rendered":"Partenaires"},"content":{"rendered":"<section class=\"page-hero2-section\" style=\"background-image: url(https:\/\/conex-5.hipdev.pro\/wp-content\/uploads\/2025\/09\/image42-scaled.webp);\">\r\n    <div class=\"container\">\r\n        <div class=\"row align-items-end half-height\">\r\n            <div class=\"col-lg-10\">\r\n                <div class=\"section-title\"><h6>Partenaires<\/h6><h1>UNE SOLUTION, UNE GLOBALE <blue>R\u00c9SEAU DE PARTENAIRES<\/blue><\/h1><p>Nos alliances strat\u00e9giques unissent des fabricants leaders de dispositifs IoT, de v\u00eatements, de technologies portables et de solutions de connectivit\u00e9. Nous combinons des r\u00e9seaux de capteurs avanc\u00e9s et des composants mat\u00e9riels modulaires avec des plateformes logicielles cloud natives, offrant un \u00e9cosyst\u00e8me complet qui s'adapte aux besoins de nos clients. Gr\u00e2ce \u00e0 ces partenariats, nous assurons une innovation continue, une int\u00e9gration transparente et la flexibilit\u00e9 n\u00e9cessaire pour int\u00e9grer les technologies \u00e9mergentes d\u00e8s leur arriv\u00e9e sur le march\u00e9.<\/p><\/div>            <\/div>\r\n        <\/div>\r\n    <\/div>\r\n<\/section>\n\n<section class=\"partners-section\" id=\"\">\r\n    <div class=\"container\">\r\n        <div class=\"row\"><div class=\"col-12\"><div class=\"text-block\"><h3>Partenaires Technologiques<\/h3><\/div><div class=\"logo-list\"><div><div class=\"slide\"><img decoding=\"async\" src=\"https:\/\/conex-5.hipdev.pro\/wp-content\/uploads\/2025\/09\/partner01.webp\" alt=\"\"\/><\/div><\/div><div><div class=\"slide\"><img decoding=\"async\" src=\"https:\/\/conex-5.hipdev.pro\/wp-content\/uploads\/2025\/09\/partner02.webp\" alt=\"\"\/><\/div><\/div><div><div class=\"slide\"><img decoding=\"async\" src=\"https:\/\/conex-5.hipdev.pro\/wp-content\/uploads\/2025\/09\/partner03.webp\" alt=\"\"\/><\/div><\/div><div><div class=\"slide\"><img decoding=\"async\" src=\"https:\/\/conex-5.hipdev.pro\/wp-content\/uploads\/2025\/09\/partner04.webp\" alt=\"\"\/><\/div><\/div><div><div class=\"slide\"><img decoding=\"async\" src=\"https:\/\/conex-5.hipdev.pro\/wp-content\/uploads\/2025\/09\/partner05.webp\" alt=\"\"\/><\/div><\/div><div><div class=\"slide\"><img decoding=\"async\" src=\"https:\/\/conex-5.hipdev.pro\/wp-content\/uploads\/2025\/09\/partner13.webp\" alt=\"\"\/><\/div><\/div><\/div><\/div><\/div><div class=\"row\"><div class=\"col-12\"><div class=\"text-block\"><h3>Partenaires industriels<\/h3><\/div><div class=\"logo-list\"><div><div class=\"slide\"><img decoding=\"async\" src=\"https:\/\/conex-5.hipdev.pro\/wp-content\/uploads\/2025\/09\/partner06.webp\" alt=\"\"\/><\/div><\/div><div><div class=\"slide\"><img decoding=\"async\" src=\"https:\/\/conex-5.hipdev.pro\/wp-content\/uploads\/2025\/09\/partner07.webp\" alt=\"\"\/><\/div><\/div><div><div class=\"slide\"><img decoding=\"async\" src=\"https:\/\/conex-5.hipdev.pro\/wp-content\/uploads\/2025\/09\/partner08.webp\" alt=\"\"\/><\/div><\/div><div><div class=\"slide\"><img decoding=\"async\" src=\"https:\/\/conex-5.hipdev.pro\/wp-content\/uploads\/2025\/09\/partner09.webp\" alt=\"\"\/><\/div><\/div><div><div class=\"slide\"><img decoding=\"async\" src=\"https:\/\/conex-5.hipdev.pro\/wp-content\/uploads\/2025\/09\/partner10.webp\" alt=\"\"\/><\/div><\/div><\/div><\/div><\/div><div class=\"row\"><div class=\"col-12\"><div class=\"text-block\"><h3>Partenaires strat\u00e9giques<\/h3><\/div><div class=\"logo-list\"><div><div class=\"slide\"><img decoding=\"async\" src=\"https:\/\/conex-5.hipdev.pro\/wp-content\/uploads\/2025\/09\/partner11.webp\" alt=\"\"\/><\/div><\/div><div><div class=\"slide\"><img decoding=\"async\" src=\"https:\/\/conex-5.hipdev.pro\/wp-content\/uploads\/2025\/09\/partner12.webp\" alt=\"\"\/><\/div><\/div><div><div class=\"slide\"><img decoding=\"async\" src=\"https:\/\/conex-5.hipdev.pro\/wp-content\/uploads\/2025\/09\/partner13.webp\" alt=\"\"\/><\/div><\/div><div><div class=\"slide\"><img decoding=\"async\" src=\"https:\/\/conex-5.hipdev.pro\/wp-content\/uploads\/2025\/09\/partner14.webp\" alt=\"\"\/><\/div><\/div><div><div class=\"slide\"><img decoding=\"async\" src=\"https:\/\/conex-5.hipdev.pro\/wp-content\/uploads\/2025\/09\/partner15.webp\" alt=\"\"\/><\/div><\/div><\/div><\/div><\/div><div class=\"row\"><div class=\"col-12\"><div class=\"text-block\"><h3>Partenaires commerciaux<\/h3><\/div><div class=\"logo-list\"><div><div class=\"slide\"><img decoding=\"async\" src=\"https:\/\/conex-5.hipdev.pro\/wp-content\/uploads\/2025\/09\/partner16.webp\" alt=\"\"\/><\/div><\/div><div><div class=\"slide\"><img decoding=\"async\" src=\"https:\/\/conex-5.hipdev.pro\/wp-content\/uploads\/2025\/09\/partner17.webp\" alt=\"\"\/><\/div><\/div><div><div class=\"slide\"><img decoding=\"async\" src=\"https:\/\/conex-5.hipdev.pro\/wp-content\/uploads\/2025\/09\/partner18.webp\" alt=\"\"\/><\/div><\/div><div><div class=\"slide\"><img decoding=\"async\" src=\"https:\/\/conex-5.hipdev.pro\/wp-content\/uploads\/2025\/09\/partner19.webp\" alt=\"\"\/><\/div><\/div><div><div class=\"slide\"><img decoding=\"async\" src=\"https:\/\/conex-5.hipdev.pro\/wp-content\/uploads\/2025\/09\/partner20.webp\" alt=\"\"\/><\/div><\/div><\/div><\/div><\/div>    <\/div>\r\n<\/section>","protected":false},"excerpt":{"rendered":"","protected":false},"author":1,"featured_media":0,"parent":0,"menu_order":0,"comment_status":"closed","ping_status":"closed","template":"","meta":{"_acf_changed":false,"inline_featured_image":false,"footnotes":""},"class_list":["post-356","page","type-page","status-publish","hentry"],"acf":[],"_links":{"self":[{"href":"https:\/\/conex-5.hipdev.pro\/fr\/wp-json\/wp\/v2\/pages\/356","targetHints":{"allow":["GET"]}}],"collection":[{"href":"https:\/\/conex-5.hipdev.pro\/fr\/wp-json\/wp\/v2\/pages"}],"about":[{"href":"https:\/\/conex-5.hipdev.pro\/fr\/wp-json\/wp\/v2\/types\/page"}],"author":[{"embeddable":true,"href":"https:\/\/conex-5.hipdev.pro\/fr\/wp-json\/wp\/v2\/users\/1"}],"replies":[{"embeddable":true,"href":"https:\/\/conex-5.hipdev.pro\/fr\/wp-json\/wp\/v2\/comments?post=356"}],"version-history":[{"count":3,"href":"https:\/\/conex-5.hipdev.pro\/fr\/wp-json\/wp\/v2\/pages\/356\/revisions"}],"predecessor-version":[{"id":829,"href":"https:\/\/conex-5.hipdev.pro\/fr\/wp-json\/wp\/v2\/pages\/356\/revisions\/829"}],"wp:attachment":[{"href":"https:\/\/conex-5.hipdev.pro\/fr\/wp-json\/wp\/v2\/media?parent=356"}],"curies":[{"name":"wp","href":"https:\/\/api.w.org\/{rel}","templated":true}]}}