{"id":280,"date":"2025-09-01T10:45:17","date_gmt":"2025-09-01T10:45:17","guid":{"rendered":"https:\/\/conex-5.hipdev.pro\/?page_id=280"},"modified":"2025-09-05T18:26:13","modified_gmt":"2025-09-05T18:26:13","slug":"governance","status":"publish","type":"page","link":"https:\/\/conex-5.hipdev.pro\/fr\/governance\/","title":{"rendered":"Gouvernance"},"content":{"rendered":"<section class=\"page-hero2-section\" style=\"background-image: url(https:\/\/conex-5.hipdev.pro\/wp-content\/uploads\/2025\/09\/image35-scaled.webp);\">\r\n    <div class=\"container\">\r\n        <div class=\"row align-items-end half-height\">\r\n            <div class=\"col-lg-10\">\r\n                <div class=\"section-title\"><h6>Gouvernance<\/h6><h1>NOS CLIENTS NOUS ANIMENT, MAIS\u00a0<blue>NOS VALEURS FONDAMENTALES NOUS GUIDENT<\/blue><\/h1><p>Wearin\u2019 est un partenaire cl\u00e9 dans deux projets novateurs visant \u00e0 am\u00e9liorer la s\u00e9curit\u00e9 des premiers intervenants, la connaissance de la situation et l'efficacit\u00e9 op\u00e9rationnelle.<\/p><\/div>            <\/div>\r\n        <\/div>\r\n    <\/div>\r\n<\/section>\n\n<section class=\"solutions-section\" id=\"\">\r\n    <div class=\"container\">\r\n        <div class=\"row justify-content-center\">\r\n            <div class=\"col-lg-10\">\r\n                <div class=\"section-title\">\r\n                                    <\/div>\r\n            <\/div>\r\n        <\/div>\r\n        <div class=\"row c3\">\r\n            <div class=\"col-lg-4 spacer\"><div class=\"box\"><div class=\"image\" style=\"background-image:url(https:\/\/conex-5.hipdev.pro\/wp-content\/uploads\/2025\/09\/icon23.svg);\"><\/div><h4>Respect<\/h4><p>Lorem ipsum dolor sit amet consectetur. Ac orci ultricies id vel morbi magna id et vitae.<\/p>\n<\/div><\/div><div class=\"col-lg-4 spacer\"><div class=\"box\"><div class=\"image\" style=\"background-image:url(https:\/\/conex-5.hipdev.pro\/wp-content\/uploads\/2025\/09\/icon24.svg);\"><\/div><h4>Collaboration<\/h4><p>Lorem ipsum dolor sit amet consectetur. Ac orci ultricies id vel morbi magna id et vitae.<\/p>\n<\/div><\/div><div class=\"col-lg-4 spacer\"><div class=\"box\"><div class=\"image\" style=\"background-image:url(https:\/\/conex-5.hipdev.pro\/wp-content\/uploads\/2025\/09\/icon25.svg);\"><\/div><h4>Esprit d'entreprise<\/h4><p>Lorem ipsum dolor sit amet consectetur. Ac orci ultricies id vel morbi magna id et vitae.<\/p>\n<\/div><\/div><div class=\"col-lg-4 spacer\"><div class=\"box\"><div class=\"image\" style=\"background-image:url(https:\/\/conex-5.hipdev.pro\/wp-content\/uploads\/2025\/09\/icon26.svg);\"><\/div><h4>Innovation<\/h4><p>Lorem ipsum dolor sit amet consectetur. Ac orci ultricies id vel morbi magna id et vitae.<\/p>\n<\/div><\/div><div class=\"col-lg-4 spacer\"><div class=\"box\"><div class=\"image\" style=\"background-image:url(https:\/\/conex-5.hipdev.pro\/wp-content\/uploads\/2025\/09\/icon27.svg);\"><\/div><h4>Long\u00e9vit\u00e9<\/h4><p>Lorem ipsum dolor sit amet consectetur. Ac orci ultricies id vel morbi magna id et vitae.<\/p>\n<\/div><\/div><div class=\"col-lg-4 spacer\"><div class=\"box\"><div class=\"image\" style=\"background-image:url(https:\/\/conex-5.hipdev.pro\/wp-content\/uploads\/2025\/09\/icon28.svg);\"><\/div><h4>Excellence<\/h4><p>Lorem ipsum dolor sit amet consectetur. Ac orci ultricies id vel morbi magna id et vitae.<\/p>\n<\/div><\/div>        <\/div>\r\n    <\/div>\r\n<\/section>\n\n<section class=\"content-1-section\" id=\"\">\r\n    <div class=\"container\">\r\n        <div class=\"row align-items-center\">\r\n            <div class=\"col-lg-6\">\r\n                <div class=\"text-block\"><h2><blue>CONNEXION<\/blue> GESTION DE GROUPE<\/h2><p>La confiance qui lie notre entreprise, nos clients et nos employ\u00e9s est port\u00e9e par une \u00e9quipe de direction exp\u00e9riment\u00e9e et un PDG dot\u00e9 d'une vision entrepreneuriale claire et ambitieuse.<\/p>\n<p>\u00c0 chaque \u00e9tape du parcours de l'entreprise en tant que fournisseur de solutions au service de la communaut\u00e9 mondiale de l'ing\u00e9nierie de conception, ils s'engagent \u00e0 renforcer la position de notre groupe en tant que partenaire mondial de connectivit\u00e9 de premier plan.\u00a0<\/p>\n<a class=\"c-btn light-btn\" href=\"#\" target=\"_self\">Rencontrez l'\u00e9quipe Wearin\u2019<\/a><a class=\"c-btn dark-btn\" href=\"#\" target=\"_self\">D\u00e9couvrez notre comit\u00e9 de direction<\/a><\/div>            <\/div>\r\n            <div class=\"col-lg-6\">\r\n                <div class=\"image-block\"><img decoding=\"async\" src=\"https:\/\/conex-5.hipdev.pro\/wp-content\/uploads\/2025\/09\/image36.svg\" alt=\"\" \/><\/div>            <\/div>\r\n        <\/div>\r\n    <\/div>\r\n<\/section>\n\n<section class=\"content-2-section\" id=\"\">\r\n    <div class=\"container\">\r\n        <div class=\"row\">\r\n            <div class=\"col-12\">\r\n                <div class=\"section-title\"><h2>CODE DE CONDUITE<\/h2><p>Notre code de conduite d\u00e9crit les quatre engagements du groupe Conexitivity :<\/p>\n<\/div>            <\/div>\r\n        <\/div>\r\n        <div class=\"row\">\r\n            <div class=\"col-lg-3 col-md-6 spacer\"><div class=\"box\"><span>1<\/span><p>Engagement envers nos employ\u00e9s<\/p><\/div><\/div><div class=\"col-lg-3 col-md-6 spacer\"><div class=\"box\"><span>2<\/span><p>Engagement en mati\u00e8re d'int\u00e9grit\u00e9 commerciale<\/p><\/div><\/div><div class=\"col-lg-3 col-md-6 spacer\"><div class=\"box\"><span>3<\/span><p>Engagement \u00e0 prot\u00e9ger les actifs du Groupe<\/p><\/div><\/div><div class=\"col-lg-3 col-md-6 spacer\"><div class=\"box\"><span>4<\/span><p>Engagement envers la croissance durable<\/p><\/div><\/div>        <\/div>\r\n        <div class=\"row justify-content-center\">\r\n            <div class=\"col-lg-10\">\r\n                <div class=\"text-block\">\r\n                    <h2>PARLE PLUS FORT<\/h2><p>Au sein de notre Groupe, nous nous engageons \u00e0 respecter la loi et \u00e0 agir avec int\u00e9grit\u00e9. Pour nous, l'int\u00e9grit\u00e9 signifie faire ce qui est juste, m\u00eame quand personne ne regarde. Et vous pouvez compter sur nous.<\/p>\n<a class=\"c-btn light-btn\" href=\"#\" target=\"_self\">En savoir plus<\/a>                <\/div>\r\n            <\/div>\r\n        <\/div>\r\n<\/section>","protected":false},"excerpt":{"rendered":"","protected":false},"author":1,"featured_media":0,"parent":0,"menu_order":0,"comment_status":"closed","ping_status":"closed","template":"","meta":{"_acf_changed":false,"inline_featured_image":false,"footnotes":""},"class_list":["post-280","page","type-page","status-publish","hentry"],"acf":[],"_links":{"self":[{"href":"https:\/\/conex-5.hipdev.pro\/fr\/wp-json\/wp\/v2\/pages\/280","targetHints":{"allow":["GET"]}}],"collection":[{"href":"https:\/\/conex-5.hipdev.pro\/fr\/wp-json\/wp\/v2\/pages"}],"about":[{"href":"https:\/\/conex-5.hipdev.pro\/fr\/wp-json\/wp\/v2\/types\/page"}],"author":[{"embeddable":true,"href":"https:\/\/conex-5.hipdev.pro\/fr\/wp-json\/wp\/v2\/users\/1"}],"replies":[{"embeddable":true,"href":"https:\/\/conex-5.hipdev.pro\/fr\/wp-json\/wp\/v2\/comments?post=280"}],"version-history":[{"count":1,"href":"https:\/\/conex-5.hipdev.pro\/fr\/wp-json\/wp\/v2\/pages\/280\/revisions"}],"predecessor-version":[{"id":868,"href":"https:\/\/conex-5.hipdev.pro\/fr\/wp-json\/wp\/v2\/pages\/280\/revisions\/868"}],"wp:attachment":[{"href":"https:\/\/conex-5.hipdev.pro\/fr\/wp-json\/wp\/v2\/media?parent=280"}],"curies":[{"name":"wp","href":"https:\/\/api.w.org\/{rel}","templated":true}]}}